{"id":21459,"date":"2025-12-24T09:49:10","date_gmt":"2025-12-24T06:49:10","guid":{"rendered":"https:\/\/kidoo.az\/?post_type=product&#038;p=21459"},"modified":"2025-12-24T09:49:11","modified_gmt":"2025-12-24T06:49:11","slug":"dus-ucun-gel-lexi-body-wash-sea-mineral-600-ml","status":"publish","type":"product","link":"https:\/\/kidoo.az\/ru\/mehsul\/dus-ucun-gel-lexi-body-wash-sea-mineral-600-ml\/","title":{"rendered":"Du\u015f \u00fc\u00e7\u00fcn gel Lexi Body Wash \u2013 Sea Mineral 600 ml"},"content":{"rendered":"<p>Du\u015f geli b\u0259d\u0259nin g\u00fcnd\u0259lik t\u0259mizliyi v\u0259 bax\u0131m\u0131 \u00fc\u00e7\u00fcn n\u0259z\u0259rd\u0259 tutulmu\u015f maye gigiyena m\u0259hsuludur. G\u00fcn \u0259rzind\u0259 d\u0259rid\u0259 toplanan kir, t\u0259r v\u0259 art\u0131q ya\u011f\u0131 effektiv \u015f\u0259kild\u0259 t\u0259mizl\u0259yir, eyni zamanda d\u0259rinin t\u0259bii qoruyucu balans\u0131n\u0131 pozmur. M\u00fcasir du\u015f gell\u0259rinin t\u0259rkibind\u0259 olan n\u0259ml\u0259ndirici v\u0259 qoruyucu komponentl\u0259r d\u0259rinin qurumas\u0131n\u0131n qar\u015f\u0131s\u0131n\u0131 al\u0131r v\u0259 onu yum\u015faq saxlay\u0131r.<\/p>","protected":false},"excerpt":{"rendered":"<p>Du\u015f \u00fc\u00e7\u00fcn gel Lexi Body Wash \u2013 Sea Mineral 600 ml<\/p>","protected":false},"featured_media":21460,"comment_status":"open","ping_status":"closed","template":"","meta":[],"product_brand":[],"product_cat":[254,266],"product_tag":[],"class_list":{"0":"post-21459","1":"product","2":"type-product","3":"status-publish","4":"has-post-thumbnail","6":"product_cat-baxim-v-gigiyena","7":"product_cat-lexi","9":"first","10":"instock","11":"shipping-taxable","12":"purchasable","13":"product-type-simple"},"_links":{"self":[{"href":"https:\/\/kidoo.az\/ru\/wp-json\/wp\/v2\/product\/21459","targetHints":{"allow":["GET"]}}],"collection":[{"href":"https:\/\/kidoo.az\/ru\/wp-json\/wp\/v2\/product"}],"about":[{"href":"https:\/\/kidoo.az\/ru\/wp-json\/wp\/v2\/types\/product"}],"replies":[{"embeddable":true,"href":"https:\/\/kidoo.az\/ru\/wp-json\/wp\/v2\/comments?post=21459"}],"wp:featuredmedia":[{"embeddable":true,"href":"https:\/\/kidoo.az\/ru\/wp-json\/wp\/v2\/media\/21460"}],"wp:attachment":[{"href":"https:\/\/kidoo.az\/ru\/wp-json\/wp\/v2\/media?parent=21459"}],"wp:term":[{"taxonomy":"product_brand","embeddable":true,"href":"https:\/\/kidoo.az\/ru\/wp-json\/wp\/v2\/product_brand?post=21459"},{"taxonomy":"product_cat","embeddable":true,"href":"https:\/\/kidoo.az\/ru\/wp-json\/wp\/v2\/product_cat?post=21459"},{"taxonomy":"product_tag","embeddable":true,"href":"https:\/\/kidoo.az\/ru\/wp-json\/wp\/v2\/product_tag?post=21459"}],"curies":[{"name":"wp","href":"https:\/\/api.w.org\/{rel}","templated":true}]}}