{"id":21455,"date":"2025-12-24T09:25:11","date_gmt":"2025-12-24T06:25:11","guid":{"rendered":"https:\/\/kidoo.az\/?post_type=product&#038;p=21455"},"modified":"2025-12-24T09:25:11","modified_gmt":"2025-12-24T06:25:11","slug":"dus-geli-lexi-red-rose-600-ml","status":"publish","type":"product","link":"https:\/\/kidoo.az\/ru\/mehsul\/dus-geli-lexi-red-rose-600-ml\/","title":{"rendered":"Du\u015f geli Lexi Red Rose, 600 ml"},"content":{"rendered":"<p data-start=\"0\" data-end=\"310\">Du\u015f geli b\u0259d\u0259nin t\u0259mizliyi v\u0259 bax\u0131m\u0131 \u00fc\u00e7\u00fcn istifad\u0259 olunan maye m\u0259hsuldur. D\u0259rini g\u00fcn \u0259rzind\u0259 y\u0131\u011f\u0131lan kir, t\u0259r v\u0259 art\u0131q ya\u011fdan t\u0259mizl\u0259yir, eyni zamanda d\u0259rinin t\u0259bii balans\u0131n\u0131 qoruma\u011fa k\u00f6m\u0259k edir. M\u00fcasir du\u015f gell\u0259ri t\u0259rkibind\u0259 n\u0259ml\u0259ndirici v\u0259 qoruyucu madd\u0259l\u0259r da\u015f\u0131y\u0131r, bu da d\u0259rinin qurumas\u0131n\u0131n qar\u015f\u0131s\u0131n\u0131 al\u0131r. Du\u015f gell\u0259ri m\u00fcxt\u0259lif \u0259tir v\u0259 t\u0259rkibl\u0259rl\u0259 istehsal olunur. Bitki ekstraktlar\u0131, vitaminl\u0259r v\u0259 t\u0259bii ya\u011flar d\u0259rini yum\u015fald\u0131r, ona canl\u0131 v\u0259 bax\u0131ml\u0131 g\u00f6r\u00fcn\u00fc\u015f verir.<\/p>","protected":false},"excerpt":{"rendered":"<p>Du\u015f geli Lexi Red Rose, 600 ml<\/p>","protected":false},"featured_media":21456,"comment_status":"open","ping_status":"closed","template":"","meta":[],"product_brand":[],"product_cat":[254,266],"product_tag":[],"class_list":{"0":"post-21455","1":"product","2":"type-product","3":"status-publish","4":"has-post-thumbnail","6":"product_cat-baxim-v-gigiyena","7":"product_cat-lexi","9":"first","10":"instock","11":"shipping-taxable","12":"purchasable","13":"product-type-simple"},"_links":{"self":[{"href":"https:\/\/kidoo.az\/ru\/wp-json\/wp\/v2\/product\/21455","targetHints":{"allow":["GET"]}}],"collection":[{"href":"https:\/\/kidoo.az\/ru\/wp-json\/wp\/v2\/product"}],"about":[{"href":"https:\/\/kidoo.az\/ru\/wp-json\/wp\/v2\/types\/product"}],"replies":[{"embeddable":true,"href":"https:\/\/kidoo.az\/ru\/wp-json\/wp\/v2\/comments?post=21455"}],"wp:featuredmedia":[{"embeddable":true,"href":"https:\/\/kidoo.az\/ru\/wp-json\/wp\/v2\/media\/21456"}],"wp:attachment":[{"href":"https:\/\/kidoo.az\/ru\/wp-json\/wp\/v2\/media?parent=21455"}],"wp:term":[{"taxonomy":"product_brand","embeddable":true,"href":"https:\/\/kidoo.az\/ru\/wp-json\/wp\/v2\/product_brand?post=21455"},{"taxonomy":"product_cat","embeddable":true,"href":"https:\/\/kidoo.az\/ru\/wp-json\/wp\/v2\/product_cat?post=21455"},{"taxonomy":"product_tag","embeddable":true,"href":"https:\/\/kidoo.az\/ru\/wp-json\/wp\/v2\/product_tag?post=21455"}],"curies":[{"name":"wp","href":"https:\/\/api.w.org\/{rel}","templated":true}]}}