{"id":21446,"date":"2025-12-21T21:21:14","date_gmt":"2025-12-21T18:21:14","guid":{"rendered":"https:\/\/kidoo.az\/?post_type=product&#038;p=21446"},"modified":"2025-12-21T21:21:14","modified_gmt":"2025-12-21T18:21:14","slug":"yataq-qoruyucu-ortuk-60x90-sm","status":"publish","type":"product","link":"https:\/\/kidoo.az\/ru\/mehsul\/yataq-qoruyucu-ortuk-60x90-sm\/","title":{"rendered":"Yataq qoruyucu \u00f6rt\u00fck 60\u00d790 sm"},"content":{"rendered":"<p><strong data-start=\"84\" data-end=\"107\">Lody yataq qoruyucu<\/strong> y\u00fcks\u0259k maye hopdurma g\u00fcc\u00fc say\u0259sind\u0259 sidik qa\u00e7\u0131rma problemi ya\u015fayan x\u0259st\u0259l\u0259rin yataqda \u00f6zl\u0259rini g\u00fcv\u0259nli hiss etm\u0259sini t\u0259min edir.<br data-start=\"236\" data-end=\"239\" \/><strong data-start=\"239\" data-end=\"251\" data-is-only-node=\"\">60\u00d790 sm<\/strong> \u00f6l\u00e7\u00fcd\u0259dir v\u0259 h\u0259r paketd\u0259 <strong data-start=\"277\" data-end=\"288\">30 \u0259d\u0259d<\/strong> m\u0259hsul m\u00f6vcuddur.<br data-start=\"306\" data-end=\"309\" \/>Yum\u015faq tekstil xarici s\u0259th\u0259 malikdir v\u0259 istifad\u0259 zaman\u0131 rahatl\u0131q yarad\u0131r.<br data-start=\"382\" data-end=\"385\" \/>Mayenin yata\u011fa s\u0131zmas\u0131n\u0131n qar\u015f\u0131s\u0131n\u0131 al\u0131r.<br data-start=\"426\" data-end=\"429\" \/>S\u00fcr\u00fc\u015fm\u0259y\u0259n qoruyucu alt s\u0259thi say\u0259sind\u0259 yerind\u0259 sabit qal\u0131r.<br data-start=\"489\" data-end=\"492\" \/>Y\u0131rt\u0131lmaya qar\u015f\u0131 davaml\u0131d\u0131r.<br data-start=\"520\" data-end=\"523\" \/>Dermatoloji olaraq test edilmi\u015fdir.<\/p>","protected":false},"excerpt":{"rendered":"<p>Yataq qoruyucu \u00f6rt\u00fck 60\u00d790 sm<\/p>","protected":false},"featured_media":21447,"comment_status":"open","ping_status":"closed","template":"","meta":[],"product_brand":[264],"product_cat":[15],"product_tag":[],"class_list":{"0":"post-21446","1":"product","2":"type-product","3":"status-publish","4":"has-post-thumbnail","6":"product_brand-lody-baby","7":"product_cat-genel","9":"first","10":"instock","11":"shipping-taxable","12":"product-type-simple"},"_links":{"self":[{"href":"https:\/\/kidoo.az\/ru\/wp-json\/wp\/v2\/product\/21446","targetHints":{"allow":["GET"]}}],"collection":[{"href":"https:\/\/kidoo.az\/ru\/wp-json\/wp\/v2\/product"}],"about":[{"href":"https:\/\/kidoo.az\/ru\/wp-json\/wp\/v2\/types\/product"}],"replies":[{"embeddable":true,"href":"https:\/\/kidoo.az\/ru\/wp-json\/wp\/v2\/comments?post=21446"}],"wp:featuredmedia":[{"embeddable":true,"href":"https:\/\/kidoo.az\/ru\/wp-json\/wp\/v2\/media\/21447"}],"wp:attachment":[{"href":"https:\/\/kidoo.az\/ru\/wp-json\/wp\/v2\/media?parent=21446"}],"wp:term":[{"taxonomy":"product_brand","embeddable":true,"href":"https:\/\/kidoo.az\/ru\/wp-json\/wp\/v2\/product_brand?post=21446"},{"taxonomy":"product_cat","embeddable":true,"href":"https:\/\/kidoo.az\/ru\/wp-json\/wp\/v2\/product_cat?post=21446"},{"taxonomy":"product_tag","embeddable":true,"href":"https:\/\/kidoo.az\/ru\/wp-json\/wp\/v2\/product_tag?post=21446"}],"curies":[{"name":"wp","href":"https:\/\/api.w.org\/{rel}","templated":true}]}}