{"id":21444,"date":"2025-12-21T21:00:16","date_gmt":"2025-12-21T18:00:16","guid":{"rendered":"https:\/\/kidoo.az\/?post_type=product&#038;p=21444"},"modified":"2025-12-21T21:00:16","modified_gmt":"2025-12-21T18:00:16","slug":"boyuk-ucun-x%c9%99st%c9%99-bezi-xl-olcu","status":"publish","type":"product","link":"https:\/\/kidoo.az\/ru\/mehsul\/boyuk-ucun-x%c9%99st%c9%99-bezi-xl-olcu\/","title":{"rendered":"B\u00f6y\u00fck \u00fc\u00e7\u00fcn x\u0259st\u0259 bezi, XL \u00f6l\u00e7\u00fc"},"content":{"rendered":"<p><strong data-start=\"81\" data-end=\"107\">Lody B\u00f6y\u00fckl\u0259r \u00fc\u00e7\u00fcn Bez<\/strong>, y\u00fcks\u0259k hopdurma g\u00fcc\u00fc say\u0259sind\u0259 sidik qa\u00e7\u0131rma problemi olan istifad\u0259\u00e7il\u0259rin \u00f6zl\u0259rini g\u00fcv\u0259nli hiss etm\u0259sini t\u0259min edir.<br data-start=\"226\" data-end=\"229\" \/>Qoxunu v\u0259 n\u0259mliyi i\u00e7\u0259risind\u0259 saxlayan x\u00fcsusi hopdurucu t\u0259b\u0259q\u0259si say\u0259sind\u0259 g\u00fcn boyu quruluq v\u0259 rahatl\u0131q b\u0259x\u015f edir.<br data-start=\"342\" data-end=\"345\" \/>Art\u0131r\u0131lm\u0131\u015f s\u0131xl\u0131\u011fa malik <strong data-start=\"370\" data-end=\"394\">ekstra hopdurucu qat<\/strong> maksimum qoruma t\u0259min edir.<br data-start=\"422\" data-end=\"425\" \/>S\u0131zman\u0131n qar\u015f\u0131s\u0131n\u0131 alan qoruyucu baryerl\u0259ri il\u0259 \u0259lav\u0259 t\u0259hl\u00fck\u0259sizlik yarad\u0131r.<br data-start=\"501\" data-end=\"504\" \/>D\u0259f\u0259l\u0259rl\u0259 yap\u0131\u015fd\u0131r\u0131la bil\u0259n yan bantlar\u0131 istifad\u0259ni daha rahat v\u0259 praktik edir.<br data-start=\"583\" data-end=\"586\" \/>Bez d\u0259yi\u015fm\u0259 vaxt\u0131n\u0131 bildir\u0259n <strong data-start=\"615\" data-end=\"637\">n\u0259mlik g\u00f6st\u0259ricisi<\/strong> il\u0259 istifad\u0259d\u0259 asanl\u0131q yarad\u0131r.<br data-start=\"669\" data-end=\"672\" \/>Dermatoloji olaraq test edilmi\u015fdir v\u0259 d\u0259riy\u0259 dostdur.<\/p>","protected":false},"excerpt":{"rendered":"<p>B\u00f6y\u00fck \u00fc\u00e7\u00fcn x\u0259st\u0259 bezi, XL \u00f6l\u00e7\u00fc, 30 \u0259d\u0259d<\/p>","protected":false},"featured_media":21445,"comment_status":"open","ping_status":"closed","template":"","meta":[],"product_brand":[264],"product_cat":[15],"product_tag":[],"class_list":{"0":"post-21444","1":"product","2":"type-product","3":"status-publish","4":"has-post-thumbnail","6":"product_brand-lody-baby","7":"product_cat-genel","9":"first","10":"instock","11":"shipping-taxable","12":"product-type-simple"},"_links":{"self":[{"href":"https:\/\/kidoo.az\/ru\/wp-json\/wp\/v2\/product\/21444","targetHints":{"allow":["GET"]}}],"collection":[{"href":"https:\/\/kidoo.az\/ru\/wp-json\/wp\/v2\/product"}],"about":[{"href":"https:\/\/kidoo.az\/ru\/wp-json\/wp\/v2\/types\/product"}],"replies":[{"embeddable":true,"href":"https:\/\/kidoo.az\/ru\/wp-json\/wp\/v2\/comments?post=21444"}],"wp:featuredmedia":[{"embeddable":true,"href":"https:\/\/kidoo.az\/ru\/wp-json\/wp\/v2\/media\/21445"}],"wp:attachment":[{"href":"https:\/\/kidoo.az\/ru\/wp-json\/wp\/v2\/media?parent=21444"}],"wp:term":[{"taxonomy":"product_brand","embeddable":true,"href":"https:\/\/kidoo.az\/ru\/wp-json\/wp\/v2\/product_brand?post=21444"},{"taxonomy":"product_cat","embeddable":true,"href":"https:\/\/kidoo.az\/ru\/wp-json\/wp\/v2\/product_cat?post=21444"},{"taxonomy":"product_tag","embeddable":true,"href":"https:\/\/kidoo.az\/ru\/wp-json\/wp\/v2\/product_tag?post=21444"}],"curies":[{"name":"wp","href":"https:\/\/api.w.org\/{rel}","templated":true}]}}