{"id":21435,"date":"2025-12-21T20:04:19","date_gmt":"2025-12-21T17:04:19","guid":{"rendered":"https:\/\/kidoo.az\/?post_type=product&#038;p=21435"},"modified":"2025-12-21T20:04:19","modified_gmt":"2025-12-21T17:04:19","slug":"lody-s%c9%99th-t%c9%99mizl%c9%99yici-limonlu-100%c9%99d%c9%99d","status":"publish","type":"product","link":"https:\/\/kidoo.az\/ru\/mehsul\/lody-s%c9%99th-t%c9%99mizl%c9%99yici-limonlu-100%c9%99d%c9%99d\/","title":{"rendered":"Lody s\u0259th t\u0259mizl\u0259yici limonlu 100\u0259d\u0259d"},"content":{"rendered":"<p><strong data-start=\"82\" data-end=\"107\">Lody S\u0259th T\u0259mizl\u0259yici<\/strong> b\u00fct\u00fcn s\u0259thl\u0259rin effektiv v\u0259 t\u0259hl\u00fck\u0259siz t\u0259mizliyi \u00fc\u00e7\u00fcn haz\u0131rlanm\u0131\u015fd\u0131r. X\u00fcsusi t\u0259rkibi s\u0259thl\u0259rd\u0259 iz v\u0259 l\u0259k\u0259 qoymur, xo\u015f v\u0259 t\u0259rav\u0259tli qoxu b\u0259x\u015f edir. G\u00fcnd\u0259lik istifad\u0259 \u00fc\u00e7\u00fcn ideald\u0131r, praktik v\u0259 etibarl\u0131d\u0131r.<\/p>","protected":false},"excerpt":{"rendered":"<p>Lody s\u0259th t\u0259mizl\u0259yici limonlu 100\u0259d\u0259d<\/p>","protected":false},"featured_media":0,"comment_status":"open","ping_status":"closed","template":"","meta":[],"product_brand":[264],"product_cat":[251,253],"product_tag":[],"class_list":{"0":"post-21435","1":"product","2":"type-product","3":"status-publish","5":"product_brand-lody-baby","6":"product_cat-bezler-ve-salfetkalar","7":"product_cat-salfetkalar","9":"first","10":"instock","11":"shipping-taxable","12":"purchasable","13":"product-type-simple"},"_links":{"self":[{"href":"https:\/\/kidoo.az\/ru\/wp-json\/wp\/v2\/product\/21435","targetHints":{"allow":["GET"]}}],"collection":[{"href":"https:\/\/kidoo.az\/ru\/wp-json\/wp\/v2\/product"}],"about":[{"href":"https:\/\/kidoo.az\/ru\/wp-json\/wp\/v2\/types\/product"}],"replies":[{"embeddable":true,"href":"https:\/\/kidoo.az\/ru\/wp-json\/wp\/v2\/comments?post=21435"}],"wp:attachment":[{"href":"https:\/\/kidoo.az\/ru\/wp-json\/wp\/v2\/media?parent=21435"}],"wp:term":[{"taxonomy":"product_brand","embeddable":true,"href":"https:\/\/kidoo.az\/ru\/wp-json\/wp\/v2\/product_brand?post=21435"},{"taxonomy":"product_cat","embeddable":true,"href":"https:\/\/kidoo.az\/ru\/wp-json\/wp\/v2\/product_cat?post=21435"},{"taxonomy":"product_tag","embeddable":true,"href":"https:\/\/kidoo.az\/ru\/wp-json\/wp\/v2\/product_tag?post=21435"}],"curies":[{"name":"wp","href":"https:\/\/api.w.org\/{rel}","templated":true}]}}