{"id":21433,"date":"2025-12-21T19:53:30","date_gmt":"2025-12-21T16:53:30","guid":{"rendered":"https:\/\/kidoo.az\/?post_type=product&#038;p=21433"},"modified":"2025-12-21T19:53:30","modified_gmt":"2025-12-21T16:53:30","slug":"n%c9%99m-salfetl%c9%99r-lody-sensitive-120-%c9%99d%c9%99d","status":"publish","type":"product","link":"https:\/\/kidoo.az\/ru\/mehsul\/n%c9%99m-salfetl%c9%99r-lody-sensitive-120-%c9%99d%c9%99d\/","title":{"rendered":"N\u0259m salfetl\u0259r Lody sensitive, 120 \u0259d\u0259d"},"content":{"rendered":"<p><strong data-start=\"54\" data-end=\"82\">Lody Wet Wipes Sensitive<\/strong> k\u00f6rp\u0259l\u0259rin h\u0259ssas d\u0259risi \u00fc\u00e7\u00fcn x\u00fcsusi olaraq istehsal edilmi\u015fdir.<br data-start=\"147\" data-end=\"150\" \/>M\u00fcasir texnologiya il\u0259 haz\u0131rlanan bu m\u0259hsul k\u00f6rp\u0259nizin d\u0259risini q\u0131c\u0131qland\u0131rm\u0131r.<br data-start=\"229\" data-end=\"232\" \/>Yum\u015faq v\u0259 z\u0259rif qurulu\u015fu say\u0259sind\u0259 g\u00fcnd\u0259lik istifad\u0259 \u00fc\u00e7\u00fcn uy\u011fundur.<br data-start=\"299\" data-end=\"302\" \/>T\u0259hl\u00fck\u0259siz \u015f\u0259kild\u0259 istifad\u0259 ed\u0259 bil\u0259rsiniz.<\/p>","protected":false},"excerpt":{"rendered":"<p>N\u0259m salfetl\u0259r Lody sensitive, 120 \u0259d\u0259d<\/p>","protected":false},"featured_media":21434,"comment_status":"open","ping_status":"closed","template":"","meta":[],"product_brand":[264],"product_cat":[251,253],"product_tag":[],"class_list":{"0":"post-21433","1":"product","2":"type-product","3":"status-publish","4":"has-post-thumbnail","6":"product_brand-lody-baby","7":"product_cat-bezler-ve-salfetkalar","8":"product_cat-salfetkalar","10":"first","11":"instock","12":"shipping-taxable","13":"purchasable","14":"product-type-simple"},"_links":{"self":[{"href":"https:\/\/kidoo.az\/ru\/wp-json\/wp\/v2\/product\/21433","targetHints":{"allow":["GET"]}}],"collection":[{"href":"https:\/\/kidoo.az\/ru\/wp-json\/wp\/v2\/product"}],"about":[{"href":"https:\/\/kidoo.az\/ru\/wp-json\/wp\/v2\/types\/product"}],"replies":[{"embeddable":true,"href":"https:\/\/kidoo.az\/ru\/wp-json\/wp\/v2\/comments?post=21433"}],"wp:featuredmedia":[{"embeddable":true,"href":"https:\/\/kidoo.az\/ru\/wp-json\/wp\/v2\/media\/21434"}],"wp:attachment":[{"href":"https:\/\/kidoo.az\/ru\/wp-json\/wp\/v2\/media?parent=21433"}],"wp:term":[{"taxonomy":"product_brand","embeddable":true,"href":"https:\/\/kidoo.az\/ru\/wp-json\/wp\/v2\/product_brand?post=21433"},{"taxonomy":"product_cat","embeddable":true,"href":"https:\/\/kidoo.az\/ru\/wp-json\/wp\/v2\/product_cat?post=21433"},{"taxonomy":"product_tag","embeddable":true,"href":"https:\/\/kidoo.az\/ru\/wp-json\/wp\/v2\/product_tag?post=21433"}],"curies":[{"name":"wp","href":"https:\/\/api.w.org\/{rel}","templated":true}]}}