{"id":21428,"date":"2025-12-21T19:33:19","date_gmt":"2025-12-21T16:33:19","guid":{"rendered":"https:\/\/kidoo.az\/?post_type=product&#038;p=21428"},"modified":"2025-12-21T19:33:19","modified_gmt":"2025-12-21T16:33:19","slug":"usaq-bezl%c9%99ri-lody-baby-36-%c9%99d%c9%99d-n6-16kg","status":"publish","type":"product","link":"https:\/\/kidoo.az\/ru\/mehsul\/usaq-bezl%c9%99ri-lody-baby-36-%c9%99d%c9%99d-n6-16kg\/","title":{"rendered":"U\u015faq bezl\u0259ri Lody baby 36 \u0259d\u0259d N6 16+kg"},"content":{"rendered":"<p data-start=\"53\" data-end=\"290\">Lody Tuman bezi, k\u00f6rp\u0259niz ayaq\u00fcst\u0259 olark\u0259n, im\u0259kl\u0259y\u0259rk\u0259n v\u0259 ya h\u0259r\u0259k\u0259tli v\u0259ziyy\u0259td\u0259yk\u0259n bezini rahatl\u0131qla d\u0259yi\u015fm\u0259y\u0259 imkan verir. Bel\u0259likl\u0259, k\u00f6rp\u0259ni uzatma\u011fa ehtiyac qalmadan, tuman bezini asanl\u0131qla \u00e7\u0131xar\u0131b yenisi il\u0259 \u0259v\u0259z ed\u0259 bil\u0259rsiniz.<\/p>\n<p data-start=\"292\" data-end=\"424\">E vitamini t\u0259rkibli x\u00fcsusi s\u0259thi say\u0259sind\u0259 Lody Tuman bezi, k\u00f6rp\u0259nizin h\u0259ssas d\u0259risini q\u0131c\u0131qlanmadan qoruyur v\u0259 \u0259lav\u0259 m\u00fcdafi\u0259 t\u0259min edir.<\/p>","protected":false},"excerpt":{"rendered":"<p>U\u015faq bezl\u0259ri Lody baby 36 \u0259d\u0259d N6 16+kg<\/p>","protected":false},"featured_media":21429,"comment_status":"open","ping_status":"closed","template":"","meta":[],"product_brand":[264],"product_cat":[251,252],"product_tag":[],"class_list":{"0":"post-21428","1":"product","2":"type-product","3":"status-publish","4":"has-post-thumbnail","6":"product_brand-lody-baby","7":"product_cat-bezler-ve-salfetkalar","8":"product_cat-usaq-bezleri","10":"first","11":"instock","12":"shipping-taxable","13":"purchasable","14":"product-type-simple"},"_links":{"self":[{"href":"https:\/\/kidoo.az\/ru\/wp-json\/wp\/v2\/product\/21428","targetHints":{"allow":["GET"]}}],"collection":[{"href":"https:\/\/kidoo.az\/ru\/wp-json\/wp\/v2\/product"}],"about":[{"href":"https:\/\/kidoo.az\/ru\/wp-json\/wp\/v2\/types\/product"}],"replies":[{"embeddable":true,"href":"https:\/\/kidoo.az\/ru\/wp-json\/wp\/v2\/comments?post=21428"}],"wp:featuredmedia":[{"embeddable":true,"href":"https:\/\/kidoo.az\/ru\/wp-json\/wp\/v2\/media\/21429"}],"wp:attachment":[{"href":"https:\/\/kidoo.az\/ru\/wp-json\/wp\/v2\/media?parent=21428"}],"wp:term":[{"taxonomy":"product_brand","embeddable":true,"href":"https:\/\/kidoo.az\/ru\/wp-json\/wp\/v2\/product_brand?post=21428"},{"taxonomy":"product_cat","embeddable":true,"href":"https:\/\/kidoo.az\/ru\/wp-json\/wp\/v2\/product_cat?post=21428"},{"taxonomy":"product_tag","embeddable":true,"href":"https:\/\/kidoo.az\/ru\/wp-json\/wp\/v2\/product_tag?post=21428"}],"curies":[{"name":"wp","href":"https:\/\/api.w.org\/{rel}","templated":true}]}}