{"id":21424,"date":"2025-12-21T18:32:21","date_gmt":"2025-12-21T15:32:21","guid":{"rendered":"https:\/\/kidoo.az\/?post_type=product&#038;p=21424"},"modified":"2025-12-21T18:32:21","modified_gmt":"2025-12-21T15:32:21","slug":"usaq-bezl%c9%99ri-lody-baby-42-%c9%99d%c9%99d-n5-11-25kg","status":"publish","type":"product","link":"https:\/\/kidoo.az\/ru\/mehsul\/usaq-bezl%c9%99ri-lody-baby-42-%c9%99d%c9%99d-n5-11-25kg\/","title":{"rendered":"U\u015faq bezl\u0259ri Lody baby 42 \u0259d\u0259d N5 11-25+kg"},"content":{"rendered":"<p data-start=\"73\" data-end=\"312\"><strong data-start=\"73\" data-end=\"91\">Lody Tuman bezi<\/strong> k\u00f6rp\u0259niz ayaqda durark\u0259n, im\u0259kl\u0259y\u0259rk\u0259n v\u0259 ya aktiv oldu\u011fu dig\u0259r anlarda bezini asanl\u0131qla d\u0259yi\u015fm\u0259y\u0259 imkan verir. Bel\u0259likl\u0259, k\u00f6rp\u0259ni uzatma\u011fa ehtiyac qalmadan k\u00fclot bezini rahatl\u0131qla \u00e7\u0131xar\u0131b yenisi il\u0259 \u0259v\u0259z ed\u0259 bil\u0259rsiniz.<\/p>\n<p data-start=\"314\" data-end=\"437\"><strong data-start=\"314\" data-end=\"328\">Lody Tuman bezi<\/strong>, E vitamini il\u0259 z\u0259ngin s\u0259thi say\u0259sind\u0259 k\u00f6rp\u0259nizin d\u0259risini q\u0131c\u0131qlanmadan qoruyur v\u0259 \u0259lav\u0259 qoruma t\u0259min edir.<\/p>","protected":false},"excerpt":{"rendered":"<p>Lody Tuman bezi k\u00f6rp\u0259niz ayaqda durark\u0259n, im\u0259kl\u0259y\u0259rk\u0259n v\u0259 ya aktiv oldu\u011fu dig\u0259r anlarda bezini asanl\u0131qla d\u0259yi\u015fm\u0259y\u0259 imkan verir. Bel\u0259likl\u0259, k\u00f6rp\u0259ni uzatma\u011fa ehtiyac qalmadan k\u00fclot bezini rahatl\u0131qla \u00e7\u0131xar\u0131b yenisi il\u0259 \u0259v\u0259z ed\u0259 bil\u0259rsiniz. Lody Tuman bezi, E vitamini il\u0259 z\u0259ngin s\u0259thi say\u0259sind\u0259 k\u00f6rp\u0259nizin d\u0259risini q\u0131c\u0131qlanmadan qoruyur v\u0259 \u0259lav\u0259 qoruma t\u0259min edir.<\/p>","protected":false},"featured_media":21427,"comment_status":"open","ping_status":"closed","template":"","meta":[],"product_brand":[264],"product_cat":[251,252],"product_tag":[],"class_list":{"0":"post-21424","1":"product","2":"type-product","3":"status-publish","4":"has-post-thumbnail","6":"product_brand-lody-baby","7":"product_cat-bezler-ve-salfetkalar","8":"product_cat-usaq-bezleri","10":"first","11":"instock","12":"shipping-taxable","13":"purchasable","14":"product-type-simple"},"_links":{"self":[{"href":"https:\/\/kidoo.az\/ru\/wp-json\/wp\/v2\/product\/21424","targetHints":{"allow":["GET"]}}],"collection":[{"href":"https:\/\/kidoo.az\/ru\/wp-json\/wp\/v2\/product"}],"about":[{"href":"https:\/\/kidoo.az\/ru\/wp-json\/wp\/v2\/types\/product"}],"replies":[{"embeddable":true,"href":"https:\/\/kidoo.az\/ru\/wp-json\/wp\/v2\/comments?post=21424"}],"wp:featuredmedia":[{"embeddable":true,"href":"https:\/\/kidoo.az\/ru\/wp-json\/wp\/v2\/media\/21427"}],"wp:attachment":[{"href":"https:\/\/kidoo.az\/ru\/wp-json\/wp\/v2\/media?parent=21424"}],"wp:term":[{"taxonomy":"product_brand","embeddable":true,"href":"https:\/\/kidoo.az\/ru\/wp-json\/wp\/v2\/product_brand?post=21424"},{"taxonomy":"product_cat","embeddable":true,"href":"https:\/\/kidoo.az\/ru\/wp-json\/wp\/v2\/product_cat?post=21424"},{"taxonomy":"product_tag","embeddable":true,"href":"https:\/\/kidoo.az\/ru\/wp-json\/wp\/v2\/product_tag?post=21424"}],"curies":[{"name":"wp","href":"https:\/\/api.w.org\/{rel}","templated":true}]}}