{"id":21413,"date":"2025-12-21T11:24:05","date_gmt":"2025-12-21T08:24:05","guid":{"rendered":"https:\/\/kidoo.az\/?post_type=product&#038;p=21413"},"modified":"2025-12-21T19:46:28","modified_gmt":"2025-12-21T16:46:28","slug":"lody-baby-midi-4-9-kg-60-x-4-jumbo-pack-pants","status":"publish","type":"product","link":"https:\/\/kidoo.az\/ru\/mehsul\/lody-baby-midi-4-9-kg-60-x-4-jumbo-pack-pants\/","title":{"rendered":"U\u015faq Bezl\u0259ri Lody baby pants 60\u0259d\u0259d N3 4-9kg"},"content":{"rendered":"<p data-start=\"110\" data-end=\"325\">Lody Tuman bez, k\u00f6rp\u0259niz ayaq \u00fcst\u0259 dayanark\u0259n, s\u00fcr\u00fcn\u0259rk\u0259n v\u0259 ya aktiv h\u0259r\u0259k\u0259td\u0259 olark\u0259n bez d\u0259yi\u015fimini asanla\u015fd\u0131r\u0131r. K\u00f6rp\u0259ni uzatma\u011fa ehtiyac qalmadan, tuman bezini rahatl\u0131qla \u00e7\u0131xar\u0131b yenisi il\u0259 \u0259v\u0259z ed\u0259 bil\u0259rsiniz.<\/p>\n<p data-start=\"327\" data-end=\"439\">E-vitaminli x\u00fcsusi s\u0259thi say\u0259sind\u0259 k\u00f6rp\u0259nizin h\u0259ssas d\u0259risini q\u0131c\u0131qlanmadan qoruyur v\u0259 \u0259lav\u0259 komfort t\u0259min edir.<\/p>","protected":false},"excerpt":{"rendered":"<p>LODY BABY MIDI (4-9 Kg.) 60 X 4 JUMBO PACK PANTS<\/p>","protected":false},"featured_media":21414,"comment_status":"open","ping_status":"closed","template":"","meta":[],"product_brand":[264],"product_cat":[251,252],"product_tag":[],"class_list":{"0":"post-21413","1":"product","2":"type-product","3":"status-publish","4":"has-post-thumbnail","6":"product_brand-lody-baby","7":"product_cat-bezler-ve-salfetkalar","8":"product_cat-usaq-bezleri","10":"first","11":"instock","12":"shipping-taxable","13":"purchasable","14":"product-type-simple"},"_links":{"self":[{"href":"https:\/\/kidoo.az\/ru\/wp-json\/wp\/v2\/product\/21413","targetHints":{"allow":["GET"]}}],"collection":[{"href":"https:\/\/kidoo.az\/ru\/wp-json\/wp\/v2\/product"}],"about":[{"href":"https:\/\/kidoo.az\/ru\/wp-json\/wp\/v2\/types\/product"}],"replies":[{"embeddable":true,"href":"https:\/\/kidoo.az\/ru\/wp-json\/wp\/v2\/comments?post=21413"}],"wp:featuredmedia":[{"embeddable":true,"href":"https:\/\/kidoo.az\/ru\/wp-json\/wp\/v2\/media\/21414"}],"wp:attachment":[{"href":"https:\/\/kidoo.az\/ru\/wp-json\/wp\/v2\/media?parent=21413"}],"wp:term":[{"taxonomy":"product_brand","embeddable":true,"href":"https:\/\/kidoo.az\/ru\/wp-json\/wp\/v2\/product_brand?post=21413"},{"taxonomy":"product_cat","embeddable":true,"href":"https:\/\/kidoo.az\/ru\/wp-json\/wp\/v2\/product_cat?post=21413"},{"taxonomy":"product_tag","embeddable":true,"href":"https:\/\/kidoo.az\/ru\/wp-json\/wp\/v2\/product_tag?post=21413"}],"curies":[{"name":"wp","href":"https:\/\/api.w.org\/{rel}","templated":true}]}}