{"id":21411,"date":"2025-12-21T11:13:19","date_gmt":"2025-12-21T08:13:19","guid":{"rendered":"https:\/\/kidoo.az\/?post_type=product&#038;p=21411"},"modified":"2025-12-21T11:14:43","modified_gmt":"2025-12-21T08:14:43","slug":"lody-baby-xl-16-kg-jumbo-paket","status":"publish","type":"product","link":"https:\/\/kidoo.az\/ru\/mehsul\/lody-baby-xl-16-kg-jumbo-paket\/","title":{"rendered":"LODY BABY XL ( 16 + Kg ) Jumbo Paket"},"content":{"rendered":"<p><strong data-start=\"38\" data-end=\"63\">Lody Baby XL (16+ kq)<\/strong> k\u00f6rp\u0259l\u0259r \u00fc\u00e7\u00fcn istehsal olunur.<br data-start=\"94\" data-end=\"97\" data-is-only-node=\"\" \/>M\u00fcasir texnologiyalarla haz\u0131rlanm\u0131\u015f m\u0259hsullar\u0131m\u0131z k\u00f6rp\u0259nizin d\u0259risini q\u0131c\u0131qland\u0131rm\u0131r.<br data-start=\"182\" data-end=\"185\" \/>K\u00f6rp\u0259l\u0259rin h\u0259ssas d\u0259risin\u0259 uy\u011fun \u015f\u0259kild\u0259 istehsal edilir.<br data-start=\"242\" data-end=\"245\" \/>Rahatl\u0131qla v\u0259 t\u0259hl\u00fck\u0259siz istifad\u0259 ed\u0259 bil\u0259rsiniz.<\/p>","protected":false},"excerpt":{"rendered":"<p>LODY BABY XL ( 16 + Kg ) Jumbo Paket 40\u0259d\u0259d<\/p>","protected":false},"featured_media":21412,"comment_status":"open","ping_status":"closed","template":"","meta":[],"product_brand":[264],"product_cat":[251,252],"product_tag":[],"class_list":{"0":"post-21411","1":"product","2":"type-product","3":"status-publish","4":"has-post-thumbnail","6":"product_brand-lody-baby","7":"product_cat-bezler-ve-salfetkalar","8":"product_cat-usaq-bezleri","10":"first","11":"instock","12":"sale","13":"shipping-taxable","14":"purchasable","15":"product-type-simple"},"_links":{"self":[{"href":"https:\/\/kidoo.az\/ru\/wp-json\/wp\/v2\/product\/21411","targetHints":{"allow":["GET"]}}],"collection":[{"href":"https:\/\/kidoo.az\/ru\/wp-json\/wp\/v2\/product"}],"about":[{"href":"https:\/\/kidoo.az\/ru\/wp-json\/wp\/v2\/types\/product"}],"replies":[{"embeddable":true,"href":"https:\/\/kidoo.az\/ru\/wp-json\/wp\/v2\/comments?post=21411"}],"wp:featuredmedia":[{"embeddable":true,"href":"https:\/\/kidoo.az\/ru\/wp-json\/wp\/v2\/media\/21412"}],"wp:attachment":[{"href":"https:\/\/kidoo.az\/ru\/wp-json\/wp\/v2\/media?parent=21411"}],"wp:term":[{"taxonomy":"product_brand","embeddable":true,"href":"https:\/\/kidoo.az\/ru\/wp-json\/wp\/v2\/product_brand?post=21411"},{"taxonomy":"product_cat","embeddable":true,"href":"https:\/\/kidoo.az\/ru\/wp-json\/wp\/v2\/product_cat?post=21411"},{"taxonomy":"product_tag","embeddable":true,"href":"https:\/\/kidoo.az\/ru\/wp-json\/wp\/v2\/product_tag?post=21411"}],"curies":[{"name":"wp","href":"https:\/\/api.w.org\/{rel}","templated":true}]}}