{"id":21408,"date":"2025-12-21T11:05:27","date_gmt":"2025-12-21T08:05:27","guid":{"rendered":"https:\/\/kidoo.az\/?post_type=product&#038;p=21408"},"modified":"2025-12-21T11:07:18","modified_gmt":"2025-12-21T08:07:18","slug":"usaq-bezl%c9%99ri-lody-baby-air-3-midi-4-9-kq-64-%c9%99d","status":"publish","type":"product","link":"https:\/\/kidoo.az\/ru\/mehsul\/usaq-bezl%c9%99ri-lody-baby-air-3-midi-4-9-kq-64-%c9%99d\/","title":{"rendered":"U\u015faq bezl\u0259ri Lody Baby Air 3 (Midi), 4-9 kq, 64 \u0259d"},"content":{"rendered":"<div class=\"flex max-w-full flex-col grow\">\n<div class=\"min-h-8 text-message relative flex w-full flex-col items-end gap-2 text-start break-words whitespace-normal [.text-message+&amp;]:mt-1\" dir=\"auto\" data-message-author-role=\"assistant\" data-message-id=\"f33ee521-c1f9-4b59-a4d5-a9ea778be412\" data-message-model-slug=\"gpt-5-2\">\n<div class=\"flex w-full flex-col gap-1 empty:hidden first:pt-[1px]\">\n<div class=\"markdown prose dark:prose-invert w-full break-words light markdown-new-styling\">\n<p data-start=\"49\" data-end=\"307\" data-is-last-node=\"\" data-is-only-node=\"\">Lody Baby Midi (4\u20139 kq) k\u00f6rp\u0259l\u0259r \u00fc\u00e7\u00fcn istehsal edilmi\u015fdir.<br data-start=\"111\" data-end=\"114\" data-is-only-node=\"\" \/>\u018fn son texnologiyalarla haz\u0131rlanan m\u0259hsullar\u0131m\u0131z k\u00f6rp\u0259nizin d\u0259risini q\u0131c\u0131qland\u0131rm\u0131r.<br data-start=\"198\" data-end=\"201\" \/>K\u00f6rp\u0259l\u0259rin h\u0259ssas d\u0259risin\u0259 uy\u011fun olaraq istehsal olunmu\u015fdur.<br data-start=\"261\" data-end=\"264\" \/>T\u0259hl\u00fck\u0259siz \u015f\u0259kild\u0259 istifad\u0259 ed\u0259 bil\u0259rsiniz.<\/p>\n<\/div>\n<\/div>\n<\/div>\n<\/div>\n<div class=\"z-0 flex min-h-[46px] justify-start\"><\/div>\n<div class=\"mt-3 w-full empty:hidden\">\n<div class=\"text-center\">\n<div>\n<div class=\"inline-flex border border-gray-100 dark:border-gray-700 rounded-xl\">\n<div class=\"text-token-text-secondary flex items-center justify-center gap-4 px-4 py-2.5 text-sm whitespace-nowrap\"><\/div>\n<\/div>\n<\/div>\n<\/div>\n<\/div>\n","protected":false},"excerpt":{"rendered":"<p>U\u015faq bezl\u0259ri Lody Baby Air 3 (Midi), 4-9 kq, 64 \u0259d<\/p>","protected":false},"featured_media":21410,"comment_status":"open","ping_status":"closed","template":"","meta":[],"product_brand":[264],"product_cat":[251,252],"product_tag":[],"class_list":{"0":"post-21408","1":"product","2":"type-product","3":"status-publish","4":"has-post-thumbnail","6":"product_brand-lody-baby","7":"product_cat-bezler-ve-salfetkalar","8":"product_cat-usaq-bezleri","10":"first","11":"instock","12":"sale","13":"shipping-taxable","14":"purchasable","15":"product-type-simple"},"_links":{"self":[{"href":"https:\/\/kidoo.az\/ru\/wp-json\/wp\/v2\/product\/21408","targetHints":{"allow":["GET"]}}],"collection":[{"href":"https:\/\/kidoo.az\/ru\/wp-json\/wp\/v2\/product"}],"about":[{"href":"https:\/\/kidoo.az\/ru\/wp-json\/wp\/v2\/types\/product"}],"replies":[{"embeddable":true,"href":"https:\/\/kidoo.az\/ru\/wp-json\/wp\/v2\/comments?post=21408"}],"wp:featuredmedia":[{"embeddable":true,"href":"https:\/\/kidoo.az\/ru\/wp-json\/wp\/v2\/media\/21410"}],"wp:attachment":[{"href":"https:\/\/kidoo.az\/ru\/wp-json\/wp\/v2\/media?parent=21408"}],"wp:term":[{"taxonomy":"product_brand","embeddable":true,"href":"https:\/\/kidoo.az\/ru\/wp-json\/wp\/v2\/product_brand?post=21408"},{"taxonomy":"product_cat","embeddable":true,"href":"https:\/\/kidoo.az\/ru\/wp-json\/wp\/v2\/product_cat?post=21408"},{"taxonomy":"product_tag","embeddable":true,"href":"https:\/\/kidoo.az\/ru\/wp-json\/wp\/v2\/product_tag?post=21408"}],"curies":[{"name":"wp","href":"https:\/\/api.w.org\/{rel}","templated":true}]}}