{"id":21404,"date":"2025-12-19T11:50:45","date_gmt":"2025-12-19T08:50:45","guid":{"rendered":"https:\/\/kidoo.az\/?post_type=product&#038;p=21404"},"modified":"2025-12-19T15:56:10","modified_gmt":"2025-12-19T12:56:10","slug":"usaq-bezl%c9%99ri-lody-baby-air-2-mini-3-6-kq72-%c9%99d%c9%99d","status":"publish","type":"product","link":"https:\/\/kidoo.az\/ru\/mehsul\/usaq-bezl%c9%99ri-lody-baby-air-2-mini-3-6-kq72-%c9%99d%c9%99d\/","title":{"rendered":"U\u015faq bezl\u0259ri Lody Baby Air 2 (Mini), 3-6 kq,72 \u0259d\u0259d"},"content":{"rendered":"<div class=\"flex flex-col text-sm pb-25\">\n<article class=\"text-token-text-primary w-full focus:outline-none [--shadow-height:45px] has-data-writing-block:pointer-events-none has-data-writing-block:-mt-(--shadow-height) has-data-writing-block:pt-(--shadow-height) [&amp;:has([data-writing-block])&gt;*]:pointer-events-auto [content-visibility:auto] supports-[content-visibility:auto]:[contain-intrinsic-size:auto_100lvh] scroll-mt-[calc(var(--header-height)+min(200px,max(70px,20svh)))]\" dir=\"auto\" tabindex=\"-1\" data-turn-id=\"request-WEB:faad546d-816f-43c3-86d0-95f8fd7cb80e-0\" data-testid=\"conversation-turn-2\" data-scroll-anchor=\"true\" data-turn=\"assistant\">\n<div class=\"text-base my-auto mx-auto pb-10 [--thread-content-margin:--spacing(4)] @w-sm\/main:[--thread-content-margin:--spacing(6)] @w-lg\/main:[--thread-content-margin:--spacing(16)] px-(--thread-content-margin)\">\n<div class=\"[--thread-content-max-width:40rem] @w-lg\/main:[--thread-content-max-width:48rem] mx-auto max-w-(--thread-content-max-width) flex-1 group\/turn-messages focus-visible:outline-hidden relative flex w-full min-w-0 flex-col agent-turn\" tabindex=\"-1\">\n<div class=\"flex max-w-full flex-col grow\">\n<div class=\"min-h-8 text-message relative flex w-full flex-col items-end gap-2 text-start break-words whitespace-normal [.text-message+&amp;]:mt-1\" dir=\"auto\" data-message-author-role=\"assistant\" data-message-id=\"6b89bc1f-eaf2-45cb-9601-f01ef8bfc497\" data-message-model-slug=\"gpt-5-2\">\n<div class=\"flex w-full flex-col gap-1 empty:hidden first:pt-[1px]\">\n<div class=\"markdown prose dark:prose-invert w-full break-words light markdown-new-styling\">\n<p data-start=\"0\" data-end=\"248\" data-is-last-node=\"\" data-is-only-node=\"\">\u018fn son texnologiyalarla haz\u0131rlanm\u0131\u015f m\u0259hsullar\u0131m\u0131z k\u00f6rp\u0259nizin d\u0259risini q\u0131c\u0131qland\u0131rm\u0131r.<br data-start=\"142\" data-end=\"145\" \/>K\u00f6rp\u0259l\u0259rin h\u0259ssas d\u0259risin\u0259 uy\u011fun \u015f\u0259kild\u0259 istehsal edilir.\u00a0<br data-start=\"202\" data-end=\"205\" \/>T\u0259hl\u00fck\u0259siz \u015f\u0259kild\u0259 istifad\u0259 ed\u0259 bil\u0259rsiniz.<\/p>\n<\/div>\n<\/div>\n<\/div>\n<\/div>\n<div class=\"z-0 flex min-h-[46px] justify-start\"><\/div>\n<\/div>\n<\/div>\n<\/article>\n<\/div>\n<div class=\"pointer-events-none h-px w-px absolute bottom-0\" aria-hidden=\"true\" data-edge=\"true\"><\/div>\n","protected":false},"excerpt":{"rendered":"<p>Lody Baby Mini (3\u20136 kq) 72\u0259d\u0259dli<\/p>","protected":false},"featured_media":21406,"comment_status":"open","ping_status":"closed","template":"","meta":[],"product_brand":[],"product_cat":[251,252],"product_tag":[],"class_list":{"0":"post-21404","1":"product","2":"type-product","3":"status-publish","4":"has-post-thumbnail","6":"product_cat-bezler-ve-salfetkalar","7":"product_cat-usaq-bezleri","9":"first","10":"instock","11":"sale","12":"shipping-taxable","13":"purchasable","14":"product-type-simple"},"_links":{"self":[{"href":"https:\/\/kidoo.az\/ru\/wp-json\/wp\/v2\/product\/21404","targetHints":{"allow":["GET"]}}],"collection":[{"href":"https:\/\/kidoo.az\/ru\/wp-json\/wp\/v2\/product"}],"about":[{"href":"https:\/\/kidoo.az\/ru\/wp-json\/wp\/v2\/types\/product"}],"replies":[{"embeddable":true,"href":"https:\/\/kidoo.az\/ru\/wp-json\/wp\/v2\/comments?post=21404"}],"wp:featuredmedia":[{"embeddable":true,"href":"https:\/\/kidoo.az\/ru\/wp-json\/wp\/v2\/media\/21406"}],"wp:attachment":[{"href":"https:\/\/kidoo.az\/ru\/wp-json\/wp\/v2\/media?parent=21404"}],"wp:term":[{"taxonomy":"product_brand","embeddable":true,"href":"https:\/\/kidoo.az\/ru\/wp-json\/wp\/v2\/product_brand?post=21404"},{"taxonomy":"product_cat","embeddable":true,"href":"https:\/\/kidoo.az\/ru\/wp-json\/wp\/v2\/product_cat?post=21404"},{"taxonomy":"product_tag","embeddable":true,"href":"https:\/\/kidoo.az\/ru\/wp-json\/wp\/v2\/product_tag?post=21404"}],"curies":[{"name":"wp","href":"https:\/\/api.w.org\/{rel}","templated":true}]}}