{"id":21182,"date":"2025-11-13T11:38:59","date_gmt":"2025-11-13T08:38:59","guid":{"rendered":"https:\/\/kidoo.az\/?post_type=product&#038;p=21182"},"modified":"2025-11-13T11:42:13","modified_gmt":"2025-11-13T08:42:13","slug":"ushaq-uchun-uchtekerli-velosiped-um001000791-goy","status":"publish","type":"product","link":"https:\/\/kidoo.az\/ru\/mehsul\/ushaq-uchun-uchtekerli-velosiped-um001000791-goy\/","title":{"rendered":"U\u015faq \u00fc\u00e7\u00fcn \u00fc\u00e7t\u0259k\u0259rli velosiped UM001000791, g\u00f6y"},"content":{"rendered":"<div class=\"MPProductDescriptionContentInfo\">\n<div class=\"text-block\">\n<div class=\"MPProductDescriptionContentInfo\">\n<div class=\"text-block\">U\u015faqlar \u00fc\u00e7\u00fcn \u00fc\u00e7t\u0259k\u0259rli velosiped UM001000791 mavi t\u0259k\u0259rl\u0259rl\u0259 v\u0259 rezin \u015finl\u0259rl\u0259 etibarl\u0131 v\u0259 t\u0259hl\u00fck\u0259siz se\u00e7imdir. X\u00fcsusi arxal\u0131q oturaca\u011f\u0131 1-d\u0259n 6 ya\u015fad\u0259k u\u015faqlara rahatl\u0131q v\u0259 d\u0259st\u0259k t\u0259min edir. \u00c7in istehsal\u0131d\u0131r. \u00c7\u0259kisi 18 kq, m\u00f6hk\u0259m qurulu\u015fu v\u0259 parlaq mavi r\u0259ngi var.<\/div>\n<\/div>\n<\/div>\n<\/div>","protected":false},"excerpt":{"rendered":"<p>U\u015faqlar \u00fc\u00e7\u00fcn \u00fc\u00e7t\u0259k\u0259rli velosiped UM001000791 mavi t\u0259k\u0259rl\u0259rl\u0259 v\u0259 rezin \u015finl\u0259rl\u0259 etibarl\u0131 v\u0259 t\u0259hl\u00fck\u0259siz se\u00e7imdir. X\u00fcsusi arxal\u0131q oturaca\u011f\u0131 1-d\u0259n 6 ya\u015fad\u0259k u\u015faqlara rahatl\u0131q v\u0259 d\u0259st\u0259k t\u0259min edir. \u00c7in istehsal\u0131d\u0131r. \u00c7\u0259kisi 18 kq, m\u00f6hk\u0259m qurulu\u015fu v\u0259 parlaq mavi r\u0259ngi var.<\/p>","protected":false},"featured_media":21183,"comment_status":"open","ping_status":"closed","template":"","meta":[],"product_brand":[],"product_cat":[256],"product_tag":[],"class_list":{"0":"post-21182","1":"product","2":"type-product","3":"status-publish","4":"has-post-thumbnail","6":"product_cat-aletler-ve-avadanliqlar","8":"first","9":"instock","10":"sale","11":"shipping-taxable","12":"purchasable","13":"product-type-simple"},"_links":{"self":[{"href":"https:\/\/kidoo.az\/ru\/wp-json\/wp\/v2\/product\/21182","targetHints":{"allow":["GET"]}}],"collection":[{"href":"https:\/\/kidoo.az\/ru\/wp-json\/wp\/v2\/product"}],"about":[{"href":"https:\/\/kidoo.az\/ru\/wp-json\/wp\/v2\/types\/product"}],"replies":[{"embeddable":true,"href":"https:\/\/kidoo.az\/ru\/wp-json\/wp\/v2\/comments?post=21182"}],"wp:featuredmedia":[{"embeddable":true,"href":"https:\/\/kidoo.az\/ru\/wp-json\/wp\/v2\/media\/21183"}],"wp:attachment":[{"href":"https:\/\/kidoo.az\/ru\/wp-json\/wp\/v2\/media?parent=21182"}],"wp:term":[{"taxonomy":"product_brand","embeddable":true,"href":"https:\/\/kidoo.az\/ru\/wp-json\/wp\/v2\/product_brand?post=21182"},{"taxonomy":"product_cat","embeddable":true,"href":"https:\/\/kidoo.az\/ru\/wp-json\/wp\/v2\/product_cat?post=21182"},{"taxonomy":"product_tag","embeddable":true,"href":"https:\/\/kidoo.az\/ru\/wp-json\/wp\/v2\/product_tag?post=21182"}],"curies":[{"name":"wp","href":"https:\/\/api.w.org\/{rel}","templated":true}]}}