{"id":21180,"date":"2025-11-13T11:12:00","date_gmt":"2025-11-13T08:12:00","guid":{"rendered":"https:\/\/kidoo.az\/?post_type=product&#038;p=21180"},"modified":"2025-11-13T11:38:48","modified_gmt":"2025-11-13T08:38:48","slug":"quru-sudlu-qatishiq-kendamil-organic-2-6-aydan-800-q","status":"publish","type":"product","link":"https:\/\/kidoo.az\/ru\/mehsul\/quru-sudlu-qatishiq-kendamil-organic-2-6-aydan-800-q\/","title":{"rendered":"Quru s\u00fcdl\u00fc qat\u0131\u015f\u0131q Kendamil Organic 2, 6 aydan, 800 q"},"content":{"rendered":"<div class=\"MPProductDescriptionContentInfo\">\n<div class=\"text-block\">Bizim orqanik s\u00fcd\u00fcm\u00fcz yaln\u0131z B\u00f6y\u00fck Britaniyadaki fermalardan g\u0259lir v\u0259 palma ya\u011f\u0131, bal\u0131q ya\u011f\u0131 v\u0259 ya genetik modifikasiya olunmu\u015f orqanizml\u0259r (GMO) ehtiva etmir. U\u015fa\u011f\u0131n\u0131za orqaniki olaraq yeti\u015fdirilmi\u015f tam s\u00fcdd\u0259n, bitki m\u0259n\u015f\u0259li DHK-d\u0259n v\u0259 OMG (ana s\u00fcd\u00fc oligosaxaridl\u0259ri) qida madd\u0259l\u0259ri t\u0259qdim edirik. Kendamil 2 Organik 6-c\u0131 aydan istifad\u0259 \u00fc\u00e7\u00fcn uy\u011fundur. B\u00fct\u00fcn d\u00fcnyada yaln\u0131z 1% s\u00fcd m\u0259hsullar\u0131n\u0131n orqanik oldu\u011funu bilirdinizmi? Orqanik \u0259kin\u00e7ilik daha y\u00fcks\u0259k qida keyfiyy\u0259ti v\u0259 heyvan rifah\u0131n\u0131n daha y\u00fcks\u0259k etik standartlar\u0131 dem\u0259kdir. Bu, GMO, pestisidl\u0259r v\u0259 herbisidl\u0259r istifad\u0259 etm\u0259diyimiz dem\u0259kdir. Bir \u00e7ox quru k\u00f6rp\u0259 qidalar\u0131nda DHK istehsal\u0131 \u00fc\u00e7\u00fcn bal\u0131q ya\u011f\u0131ndan istifad\u0259 edildiyini bilirdinizmi? Kendamil-d\u0259 biz yaln\u0131z bitki m\u0259n\u015f\u0259li DHK istifad\u0259 edirik, alerjenl\u0259rd\u0259n qa\u00e7ma\u011fa v\u0259 okeanlar\u0131 qoruma\u011fa \u00e7al\u0131\u015f\u0131r\u0131q. M\u0259hz buna g\u00f6r\u0259 d\u0259 Kendamil m\u0259hsullar\u0131 m\u00fck\u0259mm\u0259l qoxuya v\u0259 dad\u0131na malikdir! B\u00f6y\u00fck Britaniyada istehsal edil\u0259n Kendamil m\u0259hsullar\u0131 B\u00f6y\u00fck Britaniyada istehsal edil\u0259n yegan\u0259 k\u00f6rp\u0259 qidas\u0131d\u0131r. Biz sevgi il\u0259 \u0130ngilt\u0259r\u0259nin G\u00f6l b\u00f6lg\u0259sind\u0259 yerl\u0259\u015fmi\u015fik v\u0259 t\u0259rkibi ingridiyentl\u0259ri Kambria, Somerset v\u0259 York\u015fird\u0259ki ail\u0259 fermalar\u0131ndan iftixarla al\u0131r\u0131q.<\/div>\n<\/div>","protected":false},"excerpt":{"rendered":"<p>Bizim orqanik s\u00fcd\u00fcm\u00fcz yaln\u0131z B\u00f6y\u00fck Britaniyadaki fermalardan g\u0259lir v\u0259 palma ya\u011f\u0131, bal\u0131q ya\u011f\u0131 v\u0259 ya genetik modifikasiya olunmu\u015f orqanizml\u0259r (GMO) ehtiva etmir. U\u015fa\u011f\u0131n\u0131za orqaniki olaraq yeti\u015fdirilmi\u015f tam s\u00fcdd\u0259n, bitki m\u0259n\u015f\u0259li DHK-d\u0259n v\u0259 OMG (ana s\u00fcd\u00fc oligosaxaridl\u0259ri) qida madd\u0259l\u0259ri t\u0259qdim edirik. Kendamil 2 Organik 6-c\u0131 aydan istifad\u0259 \u00fc\u00e7\u00fcn uy\u011fundur. B\u00fct\u00fcn d\u00fcnyada yaln\u0131z 1% s\u00fcd m\u0259hsullar\u0131n\u0131n orqanik [&hellip;]<\/p>\n","protected":false},"featured_media":21181,"comment_status":"open","ping_status":"closed","template":"","meta":[],"product_brand":[265],"product_cat":[257],"product_tag":[],"class_list":{"0":"post-21180","1":"product","2":"type-product","3":"status-publish","4":"has-post-thumbnail","6":"product_brand-kendamil","7":"product_cat-qidalanma","9":"first","10":"instock","11":"sale","12":"shipping-taxable","13":"purchasable","14":"product-type-simple"},"_links":{"self":[{"href":"https:\/\/kidoo.az\/ru\/wp-json\/wp\/v2\/product\/21180","targetHints":{"allow":["GET"]}}],"collection":[{"href":"https:\/\/kidoo.az\/ru\/wp-json\/wp\/v2\/product"}],"about":[{"href":"https:\/\/kidoo.az\/ru\/wp-json\/wp\/v2\/types\/product"}],"replies":[{"embeddable":true,"href":"https:\/\/kidoo.az\/ru\/wp-json\/wp\/v2\/comments?post=21180"}],"wp:featuredmedia":[{"embeddable":true,"href":"https:\/\/kidoo.az\/ru\/wp-json\/wp\/v2\/media\/21181"}],"wp:attachment":[{"href":"https:\/\/kidoo.az\/ru\/wp-json\/wp\/v2\/media?parent=21180"}],"wp:term":[{"taxonomy":"product_brand","embeddable":true,"href":"https:\/\/kidoo.az\/ru\/wp-json\/wp\/v2\/product_brand?post=21180"},{"taxonomy":"product_cat","embeddable":true,"href":"https:\/\/kidoo.az\/ru\/wp-json\/wp\/v2\/product_cat?post=21180"},{"taxonomy":"product_tag","embeddable":true,"href":"https:\/\/kidoo.az\/ru\/wp-json\/wp\/v2\/product_tag?post=21180"}],"curies":[{"name":"wp","href":"https:\/\/api.w.org\/{rel}","templated":true}]}}