{"id":21166,"date":"2025-11-13T10:34:19","date_gmt":"2025-11-13T07:34:19","guid":{"rendered":"https:\/\/kidoo.az\/?post_type=product&#038;p=21166"},"modified":"2025-11-13T10:36:18","modified_gmt":"2025-11-13T07:36:18","slug":"lody-baby-air-4-maxi-7-18-kq-54-ed","status":"publish","type":"product","link":"https:\/\/kidoo.az\/ru\/mehsul\/lody-baby-air-4-maxi-7-18-kq-54-ed\/","title":{"rendered":"U\u015faq bezl\u0259ri Lody Baby Air 4 (Maxi), 7-18 kq, 54 \u0259d"},"content":{"rendered":"<div class=\"gtx-body\">\n<article class=\"text-token-text-primary w-full focus:outline-none [--shadow-height:45px] has-data-writing-block:pointer-events-none has-data-writing-block:-mt-(--shadow-height) has-data-writing-block:pt-(--shadow-height) [&amp;:has([data-writing-block])&gt;*]:pointer-events-auto [content-visibility:auto] supports-[content-visibility:auto]:[contain-intrinsic-size:auto_100lvh] scroll-mt-[calc(var(--header-height)+min(200px,max(70px,20svh)))]\" dir=\"auto\" tabindex=\"-1\" data-turn-id=\"request-WEB:e5327847-b3b6-4744-8efe-3bc7676d49cf-2\" data-testid=\"conversation-turn-6\" data-scroll-anchor=\"true\" data-turn=\"assistant\">\n<div class=\"text-base my-auto mx-auto pb-10 [--thread-content-margin:--spacing(4)] thread-sm:[--thread-content-margin:--spacing(6)] thread-lg:[--thread-content-margin:--spacing(16)] px-(--thread-content-margin)\">\n<div class=\"[--thread-content-max-width:40rem] thread-lg:[--thread-content-max-width:48rem] mx-auto max-w-(--thread-content-max-width) flex-1 group\/turn-messages focus-visible:outline-hidden relative flex w-full min-w-0 flex-col agent-turn\" tabindex=\"-1\">\n<div class=\"flex max-w-full flex-col grow\">\n<div class=\"min-h-8 text-message relative flex w-full flex-col items-end gap-2 text-start break-words whitespace-normal [.text-message+&amp;]:mt-1\" dir=\"auto\" data-message-author-role=\"assistant\" data-message-id=\"77e3cbef-82b4-4efc-82dc-fc67d5fe4a70\" data-message-model-slug=\"gpt-5-1\">\n<div class=\"flex w-full flex-col gap-1 empty:hidden first:pt-[1px]\">\n<div class=\"markdown prose dark:prose-invert w-full break-words dark markdown-new-styling\">\n<p data-start=\"57\" data-end=\"494\" data-is-last-node=\"\" data-is-only-node=\"\">Lody Baby Air Maxi u\u015faq bezl\u0259ri 7\u201318 kq aras\u0131 k\u00f6rp\u0259l\u0259r \u00fc\u00e7\u00fcn n\u0259z\u0259rd\u0259 tutulub. \u0130nki\u015faf etmi\u015f hava d\u00f6vriyy\u0259si sistemi say\u0259sind\u0259 d\u0259rinin n\u0259f\u0259s almas\u0131n\u0131 t\u0259min edir v\u0259 uzunm\u00fcdd\u0259tli quruluq yarad\u0131r. Y\u00fcks\u0259k udma qabiliyy\u0259tin\u0259 malik n\u00fcv\u0259si say\u0259sind\u0259 s\u0131zd\u0131rman\u0131n qar\u015f\u0131s\u0131n\u0131 al\u0131r, g\u00fcnd\u0259lik aktiv h\u0259r\u0259k\u0259t ed\u0259n k\u00f6rp\u0259l\u0259r \u00fc\u00e7\u00fcn maksimum rahatl\u0131q verir. Yum\u015faq materiallar\u0131 v\u0259 hipoallergen qurulu\u015fu il\u0259 k\u00f6rp\u0259nizin h\u0259ssas d\u0259risin\u0259 uy\u011fun \u015f\u0259kild\u0259 haz\u0131rlan\u0131b.<\/p>\n<\/div>\n<\/div>\n<\/div>\n<\/div>\n<\/div>\n<\/div>\n<\/article>\n<\/div>\n","protected":false},"excerpt":{"rendered":"<p>Lody Baby Air Maxi u\u015faq bezl\u0259ri 7\u201318 kq aras\u0131 k\u00f6rp\u0259l\u0259r \u00fc\u00e7\u00fcn n\u0259z\u0259rd\u0259 tutulub. \u0130nki\u015faf etmi\u015f hava d\u00f6vriyy\u0259si sistemi say\u0259sind\u0259 d\u0259rinin n\u0259f\u0259s almas\u0131n\u0131 t\u0259min edir v\u0259 uzunm\u00fcdd\u0259tli quruluq yarad\u0131r. Y\u00fcks\u0259k udma qabiliyy\u0259tin\u0259 malik n\u00fcv\u0259si say\u0259sind\u0259 s\u0131zd\u0131rman\u0131n qar\u015f\u0131s\u0131n\u0131 al\u0131r, g\u00fcnd\u0259lik aktiv h\u0259r\u0259k\u0259t ed\u0259n k\u00f6rp\u0259l\u0259r \u00fc\u00e7\u00fcn maksimum rahatl\u0131q verir. Yum\u015faq materiallar\u0131 v\u0259 hipoallergen qurulu\u015fu il\u0259 k\u00f6rp\u0259nizin h\u0259ssas d\u0259risin\u0259 [&hellip;]<\/p>\n","protected":false},"featured_media":21167,"comment_status":"open","ping_status":"closed","template":"","meta":[],"product_brand":[264],"product_cat":[251,252],"product_tag":[],"class_list":{"0":"post-21166","1":"product","2":"type-product","3":"status-publish","4":"has-post-thumbnail","6":"product_brand-lody-baby","7":"product_cat-bezler-ve-salfetkalar","8":"product_cat-usaq-bezleri","10":"first","11":"instock","12":"sale","13":"shipping-taxable","14":"purchasable","15":"product-type-simple"},"_links":{"self":[{"href":"https:\/\/kidoo.az\/ru\/wp-json\/wp\/v2\/product\/21166","targetHints":{"allow":["GET"]}}],"collection":[{"href":"https:\/\/kidoo.az\/ru\/wp-json\/wp\/v2\/product"}],"about":[{"href":"https:\/\/kidoo.az\/ru\/wp-json\/wp\/v2\/types\/product"}],"replies":[{"embeddable":true,"href":"https:\/\/kidoo.az\/ru\/wp-json\/wp\/v2\/comments?post=21166"}],"wp:featuredmedia":[{"embeddable":true,"href":"https:\/\/kidoo.az\/ru\/wp-json\/wp\/v2\/media\/21167"}],"wp:attachment":[{"href":"https:\/\/kidoo.az\/ru\/wp-json\/wp\/v2\/media?parent=21166"}],"wp:term":[{"taxonomy":"product_brand","embeddable":true,"href":"https:\/\/kidoo.az\/ru\/wp-json\/wp\/v2\/product_brand?post=21166"},{"taxonomy":"product_cat","embeddable":true,"href":"https:\/\/kidoo.az\/ru\/wp-json\/wp\/v2\/product_cat?post=21166"},{"taxonomy":"product_tag","embeddable":true,"href":"https:\/\/kidoo.az\/ru\/wp-json\/wp\/v2\/product_tag?post=21166"}],"curies":[{"name":"wp","href":"https:\/\/api.w.org\/{rel}","templated":true}]}}