{"id":21164,"date":"2025-11-13T10:27:37","date_gmt":"2025-11-13T07:27:37","guid":{"rendered":"https:\/\/kidoo.az\/?post_type=product&#038;p=21164"},"modified":"2025-11-13T10:32:33","modified_gmt":"2025-11-13T07:32:33","slug":"lody-baby-air-5-junior-11-25-kq-46-ed","status":"publish","type":"product","link":"https:\/\/kidoo.az\/ru\/mehsul\/lody-baby-air-5-junior-11-25-kq-46-ed\/","title":{"rendered":"U\u015faq bezl\u0259ri Lody Baby Air 5(Junior), 11-25 kq, 46 \u0259d"},"content":{"rendered":"<div class=\"gtx-body\">Lody Baby Air Junior u\u015faq bezl\u0259ri 11\u201325 kq aras\u0131 k\u00f6rp\u0259l\u0259r \u00fc\u00e7\u00fcn haz\u0131rlan\u0131b. Hava ke\u00e7irm\u0259 texnologiyas\u0131 say\u0259sind\u0259 k\u00f6rp\u0259nizin d\u0259risi g\u00fcnboyu n\u0259f\u0259s al\u0131r v\u0259 quruluq hissi qorunur. Yum\u015faq s\u0259thi v\u0259 y\u00fcks\u0259k udma qabiliyy\u0259ti say\u0259sind\u0259 s\u0131zd\u0131rman\u0131n qar\u015f\u0131s\u0131n\u0131 al\u0131r, aktiv k\u00f6rp\u0259l\u0259r \u00fc\u00e7\u00fcn maksimum rahatl\u0131q t\u0259min edir. H\u0259ssas d\u0259ril\u0259r \u00fc\u00e7\u00fcn uy\u011fun formulasiya il\u0259 haz\u0131rlanan Lody Baby Air, k\u00f6rp\u0259nizin g\u00fcnboyu s\u0259rb\u0259st v\u0259 t\u0259hl\u00fck\u0259siz h\u0259r\u0259k\u0259t etm\u0259sin\u0259 imkan yarad\u0131r.<\/div>","protected":false},"excerpt":{"rendered":"<p>Lody Baby Air Junior u\u015faq bezl\u0259ri 11\u201325 kq aras\u0131 k\u00f6rp\u0259l\u0259r \u00fc\u00e7\u00fcn haz\u0131rlan\u0131b. Hava ke\u00e7irm\u0259 texnologiyas\u0131 say\u0259sind\u0259 k\u00f6rp\u0259nizin d\u0259risi g\u00fcnboyu n\u0259f\u0259s al\u0131r v\u0259 quruluq hissi qorunur. Yum\u015faq s\u0259thi v\u0259 y\u00fcks\u0259k udma qabiliyy\u0259ti say\u0259sind\u0259 s\u0131zd\u0131rman\u0131n qar\u015f\u0131s\u0131n\u0131 al\u0131r, aktiv k\u00f6rp\u0259l\u0259r \u00fc\u00e7\u00fcn maksimum rahatl\u0131q t\u0259min edir. H\u0259ssas d\u0259ril\u0259r \u00fc\u00e7\u00fcn uy\u011fun formulasiya il\u0259 haz\u0131rlanan Lody Baby Air, k\u00f6rp\u0259nizin g\u00fcnboyu s\u0259rb\u0259st [&hellip;]<\/p>\n","protected":false},"featured_media":21165,"comment_status":"open","ping_status":"closed","template":"","meta":[],"product_brand":[264],"product_cat":[251,252],"product_tag":[],"class_list":{"0":"post-21164","1":"product","2":"type-product","3":"status-publish","4":"has-post-thumbnail","6":"product_brand-lody-baby","7":"product_cat-bezler-ve-salfetkalar","8":"product_cat-usaq-bezleri","10":"first","11":"instock","12":"sale","13":"shipping-taxable","14":"purchasable","15":"product-type-simple"},"_links":{"self":[{"href":"https:\/\/kidoo.az\/ru\/wp-json\/wp\/v2\/product\/21164","targetHints":{"allow":["GET"]}}],"collection":[{"href":"https:\/\/kidoo.az\/ru\/wp-json\/wp\/v2\/product"}],"about":[{"href":"https:\/\/kidoo.az\/ru\/wp-json\/wp\/v2\/types\/product"}],"replies":[{"embeddable":true,"href":"https:\/\/kidoo.az\/ru\/wp-json\/wp\/v2\/comments?post=21164"}],"wp:featuredmedia":[{"embeddable":true,"href":"https:\/\/kidoo.az\/ru\/wp-json\/wp\/v2\/media\/21165"}],"wp:attachment":[{"href":"https:\/\/kidoo.az\/ru\/wp-json\/wp\/v2\/media?parent=21164"}],"wp:term":[{"taxonomy":"product_brand","embeddable":true,"href":"https:\/\/kidoo.az\/ru\/wp-json\/wp\/v2\/product_brand?post=21164"},{"taxonomy":"product_cat","embeddable":true,"href":"https:\/\/kidoo.az\/ru\/wp-json\/wp\/v2\/product_cat?post=21164"},{"taxonomy":"product_tag","embeddable":true,"href":"https:\/\/kidoo.az\/ru\/wp-json\/wp\/v2\/product_tag?post=21164"}],"curies":[{"name":"wp","href":"https:\/\/api.w.org\/{rel}","templated":true}]}}