{"id":21149,"date":"2025-10-23T11:46:59","date_gmt":"2025-10-23T08:46:59","guid":{"rendered":"https:\/\/kidoo.az\/?post_type=product&#038;p=21149"},"modified":"2025-10-23T11:46:59","modified_gmt":"2025-10-23T08:46:59","slug":"lody-air-newborn-2-5-kg-40-x-5-eco-pack","status":"publish","type":"product","link":"https:\/\/kidoo.az\/ru\/mehsul\/lody-air-newborn-2-5-kg-40-x-5-eco-pack\/","title":{"rendered":"LODY AIR NEWBORN (2-5 Kg.) 40 X 5 ECO PACK"},"content":{"rendered":"<div class=\"gtx-body\">Lody Baby yeni do\u011fulmu\u015f k\u00f6rp\u0259l\u0259r (2-5 kq) \u00fc\u00e7\u00fcn istehsal olunur. \u018fn son texnologiya il\u0259 istehsal olunan m\u0259hsullar\u0131m\u0131z k\u00f6rp\u0259nizin d\u0259risini q\u0131c\u0131qland\u0131rmayacaq. Onlar k\u00f6rp\u0259l\u0259rin h\u0259ssas d\u0259risi \u00fc\u00e7\u00fcn n\u0259z\u0259rd\u0259 tutulub. Onlardan t\u0259hl\u00fck\u0259siz istifad\u0259 ed\u0259 bil\u0259rsiniz.<\/div>","protected":false},"excerpt":{"rendered":"<p>Lody Baby yeni do\u011fulmu\u015f k\u00f6rp\u0259l\u0259r (2-5 kq) \u00fc\u00e7\u00fcn istehsal olunur. \u018fn son texnologiya il\u0259 istehsal olunan m\u0259hsullar\u0131m\u0131z k\u00f6rp\u0259nizin d\u0259risini q\u0131c\u0131qland\u0131rmayacaq. Onlar k\u00f6rp\u0259l\u0259rin h\u0259ssas d\u0259risi \u00fc\u00e7\u00fcn n\u0259z\u0259rd\u0259 tutulub. Onlardan t\u0259hl\u00fck\u0259siz istifad\u0259 ed\u0259 bil\u0259rsiniz.<\/p>","protected":false},"featured_media":21150,"comment_status":"open","ping_status":"closed","template":"","meta":[],"product_brand":[],"product_cat":[251,252],"product_tag":[],"class_list":{"0":"post-21149","1":"product","2":"type-product","3":"status-publish","4":"has-post-thumbnail","6":"product_cat-bezler-ve-salfetkalar","7":"product_cat-usaq-bezleri","9":"first","10":"instock","11":"sale","12":"shipping-taxable","13":"purchasable","14":"product-type-simple"},"_links":{"self":[{"href":"https:\/\/kidoo.az\/ru\/wp-json\/wp\/v2\/product\/21149","targetHints":{"allow":["GET"]}}],"collection":[{"href":"https:\/\/kidoo.az\/ru\/wp-json\/wp\/v2\/product"}],"about":[{"href":"https:\/\/kidoo.az\/ru\/wp-json\/wp\/v2\/types\/product"}],"replies":[{"embeddable":true,"href":"https:\/\/kidoo.az\/ru\/wp-json\/wp\/v2\/comments?post=21149"}],"wp:featuredmedia":[{"embeddable":true,"href":"https:\/\/kidoo.az\/ru\/wp-json\/wp\/v2\/media\/21150"}],"wp:attachment":[{"href":"https:\/\/kidoo.az\/ru\/wp-json\/wp\/v2\/media?parent=21149"}],"wp:term":[{"taxonomy":"product_brand","embeddable":true,"href":"https:\/\/kidoo.az\/ru\/wp-json\/wp\/v2\/product_brand?post=21149"},{"taxonomy":"product_cat","embeddable":true,"href":"https:\/\/kidoo.az\/ru\/wp-json\/wp\/v2\/product_cat?post=21149"},{"taxonomy":"product_tag","embeddable":true,"href":"https:\/\/kidoo.az\/ru\/wp-json\/wp\/v2\/product_tag?post=21149"}],"curies":[{"name":"wp","href":"https:\/\/api.w.org\/{rel}","templated":true}]}}