{"id":116,"date":"2022-04-13T03:25:59","date_gmt":"2022-04-13T03:25:59","guid":{"rendered":"https:\/\/demo3.drfuri.com\/motta\/?page_id=116"},"modified":"2025-11-14T15:49:16","modified_gmt":"2025-11-14T12:49:16","slug":"elaqe","status":"publish","type":"page","link":"https:\/\/kidoo.az\/ru\/elaqe\/","title":{"rendered":"\u041a\u043e\u043d\u0442\u0430\u043a\u0442"},"content":{"rendered":"<div data-elementor-type=\"wp-page\" data-elementor-id=\"116\" class=\"elementor elementor-116\">\n\t\t\t\t\t\t<section class=\"elementor-section elementor-top-section elementor-element elementor-element-78d90eb1 elementor-section-stretched elementor-section-boxed elementor-section-height-default elementor-section-height-default motta-responsive-column motta-tablet-column--default motta-responsive-column motta-mobile-column--default\" data-id=\"78d90eb1\" data-element_type=\"section\" data-e-type=\"section\" data-settings=\"{&quot;stretch_section&quot;:&quot;section-stretched&quot;,&quot;background_background&quot;:&quot;classic&quot;}\">\n\t\t\t\t\t\t<div class=\"elementor-container elementor-column-gap-default\">\n\t\t\t\t\t<div class=\"elementor-column elementor-col-100 elementor-top-column elementor-element elementor-element-71889d4b\" data-id=\"71889d4b\" data-element_type=\"column\" data-e-type=\"column\">\n\t\t\t<div class=\"elementor-widget-wrap elementor-element-populated\">\n\t\t\t\t\t\t<div class=\"elementor-element elementor-element-6e818139 elementor-widget elementor-widget-motta-heading\" data-id=\"6e818139\" data-element_type=\"widget\" data-e-type=\"widget\" data-widget_type=\"motta-heading.default\">\n\t\t\t\t<div class=\"elementor-widget-container\">\n\t\t\t\t\t\t\t<div class=\"motta-heading-elementor motta-heading__button-on\">\n\t\t\t\t<h2 class=\"motta-heading motta-heading--default\">\n\t\t\t\t\tBiz sizin \u00fc\u00e7\u00fcn buraday\u0131q\t\t\t\t<\/h2>\n\t\t\t\t\t\t\t<\/div>\n\t\t\t\t\t\t<\/div>\n\t\t\t\t<\/div>\n\t\t\t\t\t<\/div>\n\t\t<\/div>\n\t\t\t\t\t<\/div>\n\t\t<\/section>\n\t\t\t\t<section class=\"elementor-section elementor-top-section elementor-element elementor-element-15e74977 elementor-section-stretched elementor-section-boxed elementor-section-height-default elementor-section-height-default motta-responsive-column motta-tablet-column--default motta-responsive-column motta-mobile-column--default\" data-id=\"15e74977\" data-element_type=\"section\" data-e-type=\"section\" data-settings=\"{&quot;stretch_section&quot;:&quot;section-stretched&quot;,&quot;background_background&quot;:&quot;classic&quot;}\">\n\t\t\t\t\t\t<div class=\"elementor-container elementor-column-gap-default\">\n\t\t\t\t\t<div class=\"elementor-column elementor-col-33 elementor-top-column elementor-element elementor-element-7fd5e007\" data-id=\"7fd5e007\" data-element_type=\"column\" data-e-type=\"column\">\n\t\t\t<div class=\"elementor-widget-wrap elementor-element-populated\">\n\t\t\t\t\t\t<div class=\"elementor-element elementor-element-1dad7ac8 motta-icon-box__icon-position--left motta-tablet-icon-box__icon-position--left motta-mobile-icon-box__icon-position--left motta-icon-box__vertical-align-top elementor-widget elementor-widget-motta-icon-box\" data-id=\"1dad7ac8\" data-element_type=\"widget\" data-e-type=\"widget\" data-widget_type=\"motta-icon-box.default\">\n\t\t\t\t<div class=\"elementor-widget-container\">\n\t\t\t\t\t\t\t<div class=\"motta-icon-box icon-type-icon\">\n\t\t\t\t\t\t\t<div class=\"motta-icon-box__icon\">\n\t\t\t\t\t<span class=\"motta-svg-icon\"><svg xmlns=\"http:\/\/www.w3.org\/2000\/svg\" width=\"32\" height=\"32\" viewbox=\"0 0 32 32\"><title>call-footer<\/title><path d=\"M26.707 31.36c-0.267 0-0.52-0.013-0.787-0.067-4.253-0.667-8.253-2.213-11.867-4.587-3.507-2.307-6.453-5.253-8.76-8.76-2.373-3.613-3.92-7.613-4.587-11.867-0.227-1.453 0.187-2.92 1.133-4.040 0.933-1.093 2.28-1.707 3.72-1.707h4.467c2.347 0 4.373 1.693 4.813 4.013 0.107 0.533 0.227 1.040 0.387 1.547 0.547 1.813 0.080 3.733-1.187 5.013-1.107 1.107-1.213 2.773-0.293 3.92 1.013 1.267 2.16 2.427 3.427 3.427 1.147 0.92 2.813 0.813 3.867-0.24 1.333-1.333 3.253-1.787 5.067-1.24 0.507 0.147 1.027 0.28 1.547 0.373v0c2.32 0.453 4.013 2.48 4.013 4.827v4.467c0 1.427-0.627 2.787-1.707 3.72-0.907 0.787-2.067 1.2-3.253 1.2zM5.547 2.333c-0.853 0-1.64 0.36-2.2 1.013-0.573 0.667-0.813 1.547-0.68 2.427 0.627 3.973 2.067 7.707 4.28 11.080 2.147 3.28 4.907 6.027 8.187 8.187 3.387 2.213 7.107 3.667 11.080 4.28 0.88 0.147 1.76-0.107 2.427-0.68 0.653-0.56 1.013-1.333 1.013-2.2v-4.467c0-1.387-1-2.587-2.387-2.853-0.573-0.107-1.16-0.253-1.747-0.427-1.107-0.333-2.267-0.067-3.027 0.693-1.827 1.827-4.64 2-6.587 0.44-1.387-1.107-2.64-2.36-3.747-3.747-1.533-1.947-1.373-4.76 0.4-6.533 0.813-0.813 1.080-1.973 0.747-3.080-0.173-0.56-0.32-1.147-0.427-1.747-0.267-1.387-1.467-2.387-2.853-2.387h-4.48z\"><\/path><path d=\"M31.667 12h-2c0-5.333-4.333-9.667-9.667-9.667v-2c6.44 0 11.667 5.24 11.667 11.667z\"><\/path><path d=\"M26.333 12h-2c0-2.387-1.947-4.333-4.333-4.333v-2c3.493 0 6.333 2.84 6.333 6.333z\"><\/path><\/svg><\/span>\t\t\t\t<\/div>\n\t\t\t\t\t\t<div class=\"motta-icon-box__wrapper\">\n\t\t\t\t\t\t\t\t\t<div class=\"motta-icon-box__title\">\u041e\u0431\u0441\u043b\u0443\u0436\u0438\u0432\u0430\u043d\u0438\u0435 \u043a\u043b\u0438\u0435\u043d\u0442\u043e\u0432<\/div>\n\t\t\t\t\t\t\t\t\t\t\t\t\t\t\t\t\t\t\t<a class=\"motta-button motta-button-primary  motta-button--subtle  motta-button--color-black  motta-button--medium\" href=\"tel:1-866-237-8289\">\n\t\t\t\t\t\t\t\t\t\t\t\t<span class=\"motta-button__text\">+994 50 123 45 67<\/span>\n\t\t\t\t\t\t<\/a>\n\t\t\t\t\t\t\t\t\t<\/div>\n\t\t\t\t\t<\/div>\n\t\t\t\t\t\t<\/div>\n\t\t\t\t<\/div>\n\t\t\t\t<div class=\"elementor-element elementor-element-502bfeb4 elementor-widget elementor-widget-motta-heading\" data-id=\"502bfeb4\" data-element_type=\"widget\" data-e-type=\"widget\" data-widget_type=\"motta-heading.default\">\n\t\t\t\t<div class=\"elementor-widget-container\">\n\t\t\t\t\t\t\t<div class=\"motta-heading-elementor motta-heading__button-on\">\n\t\t\t\t<h2 class=\"motta-heading motta-heading--default\">\n\t\t\t\t\tS\u0259h\u0259r 8-d\u0259n ax\u015fam 12-\u0259 q\u0259d\u0259r z\u0259ng edin.\n\t\t\t\t<\/h2>\n\t\t\t\t\t\t\t<\/div>\n\t\t\t\t\t\t<\/div>\n\t\t\t\t<\/div>\n\t\t\t\t\t<\/div>\n\t\t<\/div>\n\t\t\t\t<div class=\"elementor-column elementor-col-33 elementor-top-column elementor-element elementor-element-b0d1599\" data-id=\"b0d1599\" data-element_type=\"column\" data-e-type=\"column\">\n\t\t\t<div class=\"elementor-widget-wrap elementor-element-populated\">\n\t\t\t\t\t\t<div class=\"elementor-element elementor-element-2e4c51b7 motta-icon-box__icon-position--left motta-tablet-icon-box__icon-position--left motta-mobile-icon-box__icon-position--left motta-icon-box__vertical-align-top elementor-widget elementor-widget-motta-icon-box\" data-id=\"2e4c51b7\" data-element_type=\"widget\" data-e-type=\"widget\" data-widget_type=\"motta-icon-box.default\">\n\t\t\t\t<div class=\"elementor-widget-container\">\n\t\t\t\t\t\t\t<div class=\"motta-icon-box icon-type-icon\">\n\t\t\t\t\t\t\t<div class=\"motta-icon-box__icon\">\n\t\t\t\t\t<span class=\"motta-svg-icon\"><svg xmlns=\"http:\/\/www.w3.org\/2000\/svg\" width=\"32\" height=\"32\" viewbox=\"0 0 32 32\"><title>chat<\/title><path d=\"M28.667 3.333v20h-5.333v4.4l-5.28-4.4h-14.72v-20h25.333zM29.333 1.333h-26.667c-0.733 0-1.333 0.6-1.333 1.333v21.333c0 0.733 0.6 1.333 1.333 1.333h14.667l8 6.667v-6.667h4c0.733 0 1.333-0.6 1.333-1.333v-21.333c0-0.733-0.6-1.333-1.333-1.333v0z\"><\/path><path d=\"M8 12.333h16v2h-16v-2z\"><\/path><\/svg><\/span>\t\t\t\t<\/div>\n\t\t\t\t\t\t<div class=\"motta-icon-box__wrapper\">\n\t\t\t\t\t\t\t\t\t<div class=\"motta-icon-box__title\">S\u00f6hb\u0259t edin!<\/div>\n\t\t\t\t\t\t\t\t\t\t\t\t\t\t\t\t\t\t\t<a class=\"motta-button motta-button-primary  motta-button--subtle  motta-button--color-black  motta-button--medium\" href=\"mailto:motta@uix.store.com\">\n\t\t\t\t\t\t\t\t\t\t\t\t<span class=\"motta-button__text\">Chata yaz<\/span>\n\t\t\t\t\t\t<\/a>\n\t\t\t\t\t\t\t\t\t<\/div>\n\t\t\t\t\t<\/div>\n\t\t\t\t\t\t<\/div>\n\t\t\t\t<\/div>\n\t\t\t\t<div class=\"elementor-element elementor-element-7b1a933e elementor-widget elementor-widget-motta-heading\" data-id=\"7b1a933e\" data-element_type=\"widget\" data-e-type=\"widget\" data-widget_type=\"motta-heading.default\">\n\t\t\t\t<div class=\"elementor-widget-container\">\n\t\t\t\t\t\t\t<div class=\"motta-heading-elementor motta-heading__button-on\">\n\t\t\t\t<h2 class=\"motta-heading motta-heading--default\">\n\t\t\t\t\t24\/7 xidm\u0259t\t\t\t\t<\/h2>\n\t\t\t\t\t\t\t<\/div>\n\t\t\t\t\t\t<\/div>\n\t\t\t\t<\/div>\n\t\t\t\t\t<\/div>\n\t\t<\/div>\n\t\t\t\t<div class=\"elementor-column elementor-col-33 elementor-top-column elementor-element elementor-element-508a58ec\" data-id=\"508a58ec\" data-element_type=\"column\" data-e-type=\"column\">\n\t\t\t<div class=\"elementor-widget-wrap elementor-element-populated\">\n\t\t\t\t\t\t<div class=\"elementor-element elementor-element-74f36f06 motta-icon-box__icon-position--left motta-tablet-icon-box__icon-position--left motta-mobile-icon-box__icon-position--left motta-icon-box__vertical-align-top elementor-widget elementor-widget-motta-icon-box\" data-id=\"74f36f06\" data-element_type=\"widget\" data-e-type=\"widget\" data-widget_type=\"motta-icon-box.default\">\n\t\t\t\t<div class=\"elementor-widget-container\">\n\t\t\t\t\t\t\t<div class=\"motta-icon-box icon-type-icon\">\n\t\t\t\t\t\t\t<div class=\"motta-icon-box__icon\">\n\t\t\t\t\t<span class=\"motta-svg-icon\"><svg xmlns=\"http:\/\/www.w3.org\/2000\/svg\" width=\"32\" height=\"32\" viewbox=\"0 0 32 32\"><title>help-fv4<\/title><path d=\"M16 1c-8.28 0-15 6.72-15 15s6.72 15 15 15c8.28 0 15-6.72 15-15s-6.72-15-15-15zM19.45 20.9c-0.27 0.19-0.55 0.35-0.84 0.49-0.79 0.39-1.67 0.61-2.61 0.61s-1.82-0.22-2.61-0.61c-0.29-0.14-0.57-0.31-0.84-0.49-0.56-0.4-1.050-0.89-1.45-1.45-0.19-0.26-0.35-0.55-0.49-0.84-0.39-0.79-0.61-1.67-0.61-2.61s0.22-1.82 0.61-2.61c0.14-0.29 0.31-0.57 0.49-0.84 0.4-0.56 0.89-1.050 1.45-1.45 0.26-0.19 0.55-0.35 0.84-0.49 0.79-0.39 1.67-0.61 2.61-0.61s1.82 0.22 2.61 0.61c0.29 0.14 0.58 0.31 0.84 0.49 0.56 0.4 1.050 0.89 1.45 1.45 0.19 0.27 0.35 0.55 0.49 0.84 0.39 0.79 0.61 1.67 0.61 2.61s-0.22 1.82-0.61 2.61c-0.14 0.29-0.31 0.58-0.49 0.84-0.4 0.56-0.89 1.050-1.45 1.45zM23.44 18.91c0.36-0.9 0.56-1.88 0.56-2.91s-0.2-2.010-0.56-2.91l4.030-3.18c0.98 1.81 1.53 3.89 1.53 6.090s-0.55 4.28-1.52 6.1l-4.040-3.19zM26.39 8.22l-3.92 3.090c-0.5-0.68-1.090-1.28-1.78-1.78l3.090-3.92c0.99 0.74 1.87 1.62 2.61 2.61zM16 3c2.2 0 4.28 0.55 6.090 1.52l-3.18 4.030c-0.9-0.35-1.88-0.55-2.91-0.55s-2.010 0.2-2.91 0.56l-3.18-4.040c1.81-0.97 3.89-1.52 6.090-1.52zM8.22 5.61l3.090 3.92c-0.68 0.5-1.28 1.090-1.78 1.78l-3.92-3.090c0.74-0.99 1.62-1.87 2.61-2.61zM4.52 9.9l4.030 3.18c-0.35 0.91-0.55 1.89-0.55 2.92s0.2 2.010 0.56 2.91l-4.040 3.19c-0.97-1.82-1.52-3.9-1.52-6.1s0.55-4.28 1.52-6.1zM5.61 23.78l3.92-3.090c0.5 0.68 1.090 1.28 1.78 1.78l-3.090 3.92c-0.99-0.74-1.87-1.62-2.61-2.61zM16 29c-2.2 0-4.28-0.55-6.090-1.52l3.18-4.030c0.9 0.35 1.88 0.55 2.91 0.55s2.010-0.2 2.91-0.56l3.18 4.030c-1.81 0.98-3.89 1.53-6.090 1.53zM23.78 26.39l-3.090-3.92c0.68-0.5 1.28-1.090 1.78-1.78l3.92 3.090c-0.74 0.99-1.62 1.87-2.61 2.61z\"><\/path><\/svg><\/span>\t\t\t\t<\/div>\n\t\t\t\t\t\t<div class=\"motta-icon-box__wrapper\">\n\t\t\t\t\t\t\t\t\t<div class=\"motta-icon-box__title\">Siz\u0259 nec\u0259 k\u00f6m\u0259k ed\u0259 bil\u0259rik?<\/div>\n\t\t\t\t\t\t\t\t\t\t\t\t\t\t\t\t\t\t\t<a class=\"motta-button motta-button-primary  motta-button--subtle  motta-button--color-black  motta-button--medium\" href=\"https:\/\/kidoo.az\/ru\/help-center\/\">\n\t\t\t\t\t\t\t\t\t\t\t\t<span class=\"motta-button__text\">\u0426\u0435\u043d\u0442\u0440 \u043f\u043e\u0434\u0434\u0435\u0440\u0436\u043a\u0438<\/span>\n\t\t\t\t\t\t<\/a>\n\t\t\t\t\t\t\t\t\t<\/div>\n\t\t\t\t\t<\/div>\n\t\t\t\t\t\t<\/div>\n\t\t\t\t<\/div>\n\t\t\t\t\t<\/div>\n\t\t<\/div>\n\t\t\t\t\t<\/div>\n\t\t<\/section>\n\t\t\t\t<section class=\"elementor-section elementor-top-section elementor-element elementor-element-621bb9c elementor-section-boxed elementor-section-height-default elementor-section-height-default motta-responsive-column motta-tablet-column--default motta-responsive-column motta-mobile-column--default\" data-id=\"621bb9c\" data-element_type=\"section\" data-e-type=\"section\" data-settings=\"{&quot;background_background&quot;:&quot;classic&quot;}\">\n\t\t\t\t\t\t<div class=\"elementor-container elementor-column-gap-default\">\n\t\t\t\t\t<div class=\"elementor-column elementor-col-100 elementor-top-column elementor-element elementor-element-1c70d9f0\" data-id=\"1c70d9f0\" data-element_type=\"column\" data-e-type=\"column\">\n\t\t\t<div class=\"elementor-widget-wrap elementor-element-populated\">\n\t\t\t\t\t\t<div class=\"elementor-element elementor-element-7d209f6b elementor-widget elementor-widget-motta-heading\" data-id=\"7d209f6b\" data-element_type=\"widget\" data-e-type=\"widget\" data-widget_type=\"motta-heading.default\">\n\t\t\t\t<div class=\"elementor-widget-container\">\n\t\t\t\t\t\t\t<div class=\"motta-heading-elementor motta-heading__button-on\">\n\t\t\t\t<h2 class=\"motta-heading motta-heading--default\">\n\t\t\t\t\t\u018flaq\u0259 formu\t\t\t\t<\/h2>\n\t\t\t\t\t\t\t<\/div>\n\t\t\t\t\t\t<\/div>\n\t\t\t\t<\/div>\n\t\t\t\t<section class=\"elementor-section elementor-inner-section elementor-element elementor-element-7bc9f0d8 elementor-section-boxed elementor-section-height-default elementor-section-height-default motta-responsive-column motta-tablet-column--default motta-responsive-column motta-mobile-column--default\" data-id=\"7bc9f0d8\" data-element_type=\"section\" data-e-type=\"section\">\n\t\t\t\t\t\t<div class=\"elementor-container elementor-column-gap-default\">\n\t\t\t\t\t<div class=\"elementor-column elementor-col-33 elementor-inner-column elementor-element elementor-element-d189b37\" data-id=\"d189b37\" data-element_type=\"column\" data-e-type=\"column\">\n\t\t\t<div class=\"elementor-widget-wrap\">\n\t\t\t\t\t\t\t<\/div>\n\t\t<\/div>\n\t\t\t\t<div class=\"elementor-column elementor-col-33 elementor-inner-column elementor-element elementor-element-7b40ebd7\" data-id=\"7b40ebd7\" data-element_type=\"column\" data-e-type=\"column\">\n\t\t\t<div class=\"elementor-widget-wrap elementor-element-populated\">\n\t\t\t\t\t\t<div class=\"elementor-element elementor-element-1c8b1028 motta-shape--sharp motta-skin--base elementor-widget elementor-widget-motta-contact-form\" data-id=\"1c8b1028\" data-element_type=\"widget\" data-e-type=\"widget\" data-widget_type=\"motta-contact-form.default\">\n\t\t\t\t<div class=\"elementor-widget-container\">\n\t\t\t\t\t\t\t<div class=\"motta-contact-form motta-custom-button--skin\">\n\t\t\t\n<div class=\"wpcf7 no-js\" id=\"wpcf7-f20465-o1\" lang=\"en-US\" dir=\"ltr\" data-wpcf7-id=\"20465\">\n<div class=\"screen-reader-response\"><p role=\"status\" aria-live=\"polite\" aria-atomic=\"true\"><\/p> <ul><\/ul><\/div>\n<form action=\"\/ru\/wp-json\/wp\/v2\/pages\/116#wpcf7-f20465-o1\" method=\"post\" class=\"wpcf7-form init\" aria-label=\"Contact form\" novalidate=\"novalidate\" data-status=\"init\" data-trp-original-action=\"\/ru\/wp-json\/wp\/v2\/pages\/116#wpcf7-f20465-o1\">\n<fieldset class=\"hidden-fields-container\"><input type=\"hidden\" name=\"_wpcf7\" value=\"20465\" \/><input type=\"hidden\" name=\"_wpcf7_version\" value=\"6.1.5\" \/><input type=\"hidden\" name=\"_wpcf7_locale\" value=\"en_US\" \/><input type=\"hidden\" name=\"_wpcf7_unit_tag\" value=\"wpcf7-f20465-o1\" \/><input type=\"hidden\" name=\"_wpcf7_container_post\" value=\"0\" \/><input type=\"hidden\" name=\"_wpcf7_posted_data_hash\" value=\"\" \/>\n<\/fieldset>\n<div class=\"motta-col2\">\n\t<div class=\"col-1\">\n\t\t<p><label>Tam ad\u0131n\u0131z<\/label><br \/>\n<span class=\"wpcf7-form-control-wrap\" data-name=\"your-name\"><input size=\"40\" maxlength=\"400\" class=\"wpcf7-form-control wpcf7-text wpcf7-validates-as-required\" aria-required=\"true\" aria-invalid=\"false\" placeholder=\"Ad, Soyad\" value=\"\" type=\"text\" name=\"your-name\" \/><\/span>\n\t\t<\/p>\n\t<\/div>\n\t<div class=\"col-2\">\n\t\t<p><label>E-po\u00e7t<\/label><br \/>\n<span class=\"wpcf7-form-control-wrap\" data-name=\"your-email\"><input size=\"40\" maxlength=\"400\" class=\"wpcf7-form-control wpcf7-email wpcf7-validates-as-required wpcf7-text wpcf7-validates-as-email\" aria-required=\"true\" aria-invalid=\"false\" placeholder=\"E-po\u00e7t \u00fcnvan\u0131\" value=\"\" type=\"email\" name=\"your-email\" \/><\/span>\n\t\t<\/p>\n\t<\/div>\n<\/div>\n<p><label>Mesaj\u0131n\u0131z<\/label><br \/>\n<span class=\"wpcf7-form-control-wrap\" data-name=\"your-message\"><textarea cols=\"5\" rows=\"5\" maxlength=\"2000\" class=\"wpcf7-form-control wpcf7-textarea\" aria-invalid=\"false\" placeholder=\"Daha \u0259trafl\u0131 m\u0259lumat ver\u0259 bil\u0259rsinizmi?\" name=\"your-message\"><\/textarea><\/span>\n<\/p>\n<p><span class=\"wpcf7-form-control-wrap\" data-name=\"checkbox-953\"><span class=\"wpcf7-form-control wpcf7-checkbox wpcf7-validates-as-required wpcf7-exclusive-checkbox\"><span class=\"wpcf7-list-item first last\"><label><input type=\"checkbox\" name=\"checkbox-953\" value=\"Siz bizim istifad\u0259\u00e7i dostu m\u0259xfilik siyas\u0259timizl\u0259 raz\u0131la\u015f\u0131rs\u0131n\u0131z.\" \/><span class=\"wpcf7-list-item-label\">Siz bizim istifad\u0259\u00e7i dostu m\u0259xfilik siyas\u0259timizl\u0259 raz\u0131la\u015f\u0131rs\u0131n\u0131z.<\/span><\/label><\/span><\/span><\/span>\n<\/p>\n<p><input class=\"wpcf7-form-control wpcf7-submit has-spinner\" type=\"submit\" value=\"G\u00f6nd\u0259r\" \/>\n<\/p><div class=\"wpcf7-response-output\" aria-hidden=\"true\"><\/div>\n<input type=\"hidden\" name=\"trp-form-language\" value=\"ru\"\/><\/form>\n<\/div>\n\t\t<\/div>\n\t\t\t\t\t\t<\/div>\n\t\t\t\t<\/div>\n\t\t\t\t\t<\/div>\n\t\t<\/div>\n\t\t\t\t<div class=\"elementor-column elementor-col-33 elementor-inner-column elementor-element elementor-element-1d83ad37\" data-id=\"1d83ad37\" data-element_type=\"column\" data-e-type=\"column\">\n\t\t\t<div class=\"elementor-widget-wrap\">\n\t\t\t\t\t\t\t<\/div>\n\t\t<\/div>\n\t\t\t\t\t<\/div>\n\t\t<\/section>\n\t\t\t\t\t<\/div>\n\t\t<\/div>\n\t\t\t\t\t<\/div>\n\t\t<\/section>\n\t\t\t\t<\/div>","protected":false},"excerpt":{"rendered":"<p>Biz sizin \u00fc\u00e7\u00fcn buraday\u0131q call-footer M\u00fc\u015ft\u0259ri xidm\u0259ti +994 50 123 45 67 S\u0259h\u0259r 8-d\u0259n ax\u015fam 12-\u0259 q\u0259d\u0259r z\u0259ng edin. chat S\u00f6hb\u0259t edin! Chata yaz 24\/7 xidm\u0259t help-fv4 Siz\u0259 nec\u0259 k\u00f6m\u0259k ed\u0259 bil\u0259rik? Yard\u0131m M\u0259rk\u0259zi \u018flaq\u0259 formu Name Email Subject Select a topicTopic oneTopic two Message You agree to our friendly privacy policy.<\/p>","protected":false},"author":1,"featured_media":0,"parent":0,"menu_order":0,"comment_status":"closed","ping_status":"closed","template":"","meta":{"footnotes":""},"class_list":["post-116","page","type-page","status-publish","hentry"],"_hostinger_reach_plugin_has_subscription_block":false,"_hostinger_reach_plugin_is_elementor":false,"_links":{"self":[{"href":"https:\/\/kidoo.az\/ru\/wp-json\/wp\/v2\/pages\/116","targetHints":{"allow":["GET"]}}],"collection":[{"href":"https:\/\/kidoo.az\/ru\/wp-json\/wp\/v2\/pages"}],"about":[{"href":"https:\/\/kidoo.az\/ru\/wp-json\/wp\/v2\/types\/page"}],"author":[{"embeddable":true,"href":"https:\/\/kidoo.az\/ru\/wp-json\/wp\/v2\/users\/1"}],"replies":[{"embeddable":true,"href":"https:\/\/kidoo.az\/ru\/wp-json\/wp\/v2\/comments?post=116"}],"version-history":[{"count":4,"href":"https:\/\/kidoo.az\/ru\/wp-json\/wp\/v2\/pages\/116\/revisions"}],"predecessor-version":[{"id":21227,"href":"https:\/\/kidoo.az\/ru\/wp-json\/wp\/v2\/pages\/116\/revisions\/21227"}],"wp:attachment":[{"href":"https:\/\/kidoo.az\/ru\/wp-json\/wp\/v2\/media?parent=116"}],"curies":[{"name":"wp","href":"https:\/\/api.w.org\/{rel}","templated":true}]}}